{"id":1150,"date":"2018-07-11T15:20:59","date_gmt":"2018-07-11T15:20:59","guid":{"rendered":"http:\/\/hosting112027.a2f2d.netcup.net\/?page_id=1150"},"modified":"2023-08-28T16:09:44","modified_gmt":"2023-08-28T14:09:44","slug":"caresd-sozialdienst-entlassmanagement","status":"publish","type":"page","link":"https:\/\/nubedian.de\/en\/produkte\/caresd-sozialdienst-entlassmanagement\/","title":{"rendered":"Products \u2013 CareSD"},"content":{"rendered":"<p><div class=\"fusion-fullwidth fullwidth-box fusion-builder-row-1 nonhundred-percent-fullwidth non-hundred-percent-height-scrolling fusion-no-small-visibility fusion-no-medium-visibility\" style=\"--awb-border-radius-top-left:0px;--awb-border-radius-top-right:0px;--awb-border-radius-bottom-right:0px;--awb-border-radius-bottom-left:0px;--awb-flex-wrap:wrap;\" ><div class=\"fusion-builder-row fusion-row\"><div class=\"fusion-layout-column fusion_builder_column fusion-builder-column-0 fusion_builder_column_1_6 1_6 fusion-one-sixth fusion-column-first\" style=\"--awb-bg-size:cover;width:16.666666666667%;width:calc(16.666666666667% - ( ( 4% ) * 0.16666666666667 ) );margin-right: 4%;\"><div class=\"fusion-column-wrapper fusion-flex-column-wrapper-legacy\"><div class=\"fusion-button-wrapper\"><a class=\"fusion-button button-flat fusion-button-default-size button-default fusion-button-default button-1 fusion-button-default-span fusion-button-default-type\" target=\"_self\" href=\"https:\/\/nubedian.de\/en\/produkte\/caseform-entlassmanagement\/\"><span class=\"fusion-button-text awb-button__text awb-button__text--default\">Caseform<\/span><\/a><\/div><div class=\"fusion-sep-clear\"><\/div><div class=\"fusion-separator fusion-full-width-sep\" style=\"margin-left: auto;margin-right: auto;margin-top:30px;margin-bottom:30px;width:100%;\"><\/div><div class=\"fusion-sep-clear\"><\/div><div class=\"fusion-clearfix\"><\/div><\/div><\/div><div class=\"fusion-layout-column fusion_builder_column fusion-builder-column-1 fusion_builder_column_1_6 1_6 fusion-one-sixth fusion-column-last\" style=\"--awb-bg-size:cover;width:16.666666666667%;width:calc(16.666666666667% - ( ( 4% ) * 0.16666666666667 ) );\"><div class=\"fusion-column-wrapper fusion-flex-column-wrapper-legacy\"><div class=\"fusion-button-wrapper\"><a class=\"fusion-button button-flat fusion-button-default-size button-default fusion-button-default button-2 fusion-button-default-span fusion-button-default-type\" target=\"_self\" href=\"https:\/\/nubedian.de\/en\/produkte\/carecm-pflegeberatung-wohnberatung\/\"><span class=\"fusion-button-text awb-button__text awb-button__text--default\">CareCM<\/span><\/a><\/div><div class=\"fusion-sep-clear\"><\/div><div class=\"fusion-separator fusion-full-width-sep\" style=\"margin-left: auto;margin-right: auto;margin-top:30px;margin-bottom:30px;width:100%;\"><\/div><div class=\"fusion-sep-clear\"><\/div><div class=\"fusion-clearfix\"><\/div><\/div><\/div><\/div><\/div><div class=\"fusion-fullwidth fullwidth-box fusion-builder-row-2 nonhundred-percent-fullwidth non-hundred-percent-height-scrolling\" style=\"--awb-border-radius-top-left:0px;--awb-border-radius-top-right:0px;--awb-border-radius-bottom-right:0px;--awb-border-radius-bottom-left:0px;--awb-flex-wrap:wrap;\" ><div class=\"fusion-builder-row fusion-row\"><div class=\"fusion-layout-column fusion_builder_column fusion-builder-column-2 fusion_builder_column_2_3 2_3 fusion-two-third fusion-column-first\" style=\"--awb-bg-size:cover;width:66.666666666667%;width:calc(66.666666666667% - ( ( 4% ) * 0.66666666666667 ) );margin-right: 4%;\"><div class=\"fusion-column-wrapper fusion-flex-column-wrapper-legacy\"><div class=\"fusion-text fusion-text-1\"><h2>CareSD <small>\u2013 Software for discharge management and social services in hospitals<\/small><\/h2>\n<\/div><div class=\"fusion-text fusion-text-2\"><p>CareSD is a software solution for process guidance and support of clinical social services and case management in healthcare. The focus of the software is on supporting central tasks of social services and case management in both acute and rehabilitation clinics, such as discharge management. The software solution was developed in close cooperation with the <a href=\"https:\/\/dvsg.org\/\">German Association for Social Work in Health Care e.V.<\/a>and supports you in your daily work in a user-friendly and practice-oriented way. With CareSD  tasks such as<\/p>\n<ul>\n<li>the takeover of patient data<\/li>\n<li>the documentation of psycho-social and socio-legal services<\/li>\n<li>the creation and filling of requests<\/li>\n<li>the exchange of information with doctors and nurses<\/li>\n<li>the printing case files for the Medical Service of the Health Funds (MDK)<\/li>\n<li>the compilation of data for certifications such as <a href=\"https:\/\/www.onkozert.de\">OnkoZert<\/a><\/li>\n<li>and the preparation of statistical evidence<\/li>\n<\/ul>\n<p>are easy to operate.<\/p>\n<p>A Software couldn't be more simple: custom design options, integration of existing documents and forms, as well as the use of familiar MS Office programs simplify the initial training and help save time. The use in numerous hospitals speaks for itself.<\/p>\n<p>In oder to assure that the documentation does not end at the hospital door, there is the supplementary platform for discharge management <a href=\"\/en\/produkte\/caseform-entlassmanagement\/\">Caseform<\/a>. This enables us to offer you an end-to-end digital transfer from a single source. Rely on CareSD and make your hospital fit for the future.<\/p>\n<ul>\n<li>Easy processing of master data<\/li>\n<li>Digitization of applications and documents (DVSG document package)<\/li>\n<li>Interoperability through HL7 interface (e.g. Agfa Orbis, Medico, i.s.h med, ClinicCentre)<\/li>\n<li>Digital transition across sector boundaries<\/li>\n<li>Service recording according to common systems (OPS, DVSG case groups)<\/li>\n<li>Statistics and reports<\/li>\n<li>Integrated database for care providers and services<\/li>\n<\/ul>\n<\/div><div class=\"fusion-sep-clear\"><\/div><div class=\"fusion-separator fusion-full-width-sep\" style=\"margin-left: auto;margin-right: auto;margin-top:30px;width:100%;\"><\/div><div class=\"fusion-sep-clear\"><\/div><div class=\"fusion-button-wrapper\"><a class=\"fusion-button button-flat fusion-button-default-size button-default fusion-button-default button-3 fusion-button-default-span fusion-button-default-type\" style=\"--button_text_transform:none;\" target=\"_self\" href=\"\/en\/kontakt\/?Betreff=CareSD Onlinepr\u00e4sentation\"><span class=\"fusion-button-text awb-button__text awb-button__text--default\">Book a free Online Presentation<\/span><\/a><\/div><div class=\"fusion-sep-clear\"><\/div><div class=\"fusion-separator fusion-full-width-sep\" style=\"margin-left: auto;margin-right: auto;margin-top:30px;width:100%;\"><\/div><div class=\"fusion-sep-clear\"><\/div><div class=\"fusion-clearfix\"><\/div><\/div><\/div><div class=\"fusion-layout-column fusion_builder_column fusion-builder-column-3 fusion_builder_column_1_3 1_3 fusion-one-third fusion-column-last\" style=\"--awb-bg-color:#ffffff;--awb-bg-color-hover:#ffffff;--awb-bg-size:cover;width:33.333333333333%;width:calc(33.333333333333% - ( ( 4% ) * 0.33333333333333 ) );\"><div class=\"fusion-column-wrapper fusion-flex-column-wrapper-legacy\"><div class=\"fusion-sep-clear\"><\/div><div class=\"fusion-separator fusion-full-width-sep\" style=\"margin-left: auto;margin-right: auto;margin-top:30px;width:100%;\"><\/div><div class=\"fusion-sep-clear\"><\/div><div class=\"fusion-image-element in-legacy-container\" style=\"--awb-caption-title-font-family:var(--h2_typography-font-family);--awb-caption-title-font-weight:var(--h2_typography-font-weight);--awb-caption-title-font-style:var(--h2_typography-font-style);--awb-caption-title-size:var(--h2_typography-font-size);--awb-caption-title-transform:var(--h2_typography-text-transform);--awb-caption-title-line-height:var(--h2_typography-line-height);--awb-caption-title-letter-spacing:var(--h2_typography-letter-spacing);\"><span class=\"fusion-imageframe imageframe-none imageframe-1 hover-type-none\"><a class=\"fusion-no-lightbox\" href=\"https:\/\/nubedian.de\/wp-content\/uploads\/2019\/02\/Entlassmanagement-am-Patientenbett.jpg\" target=\"_self\" aria-label=\"Entlassmanagement am Patientenbett\"><img decoding=\"async\" width=\"375\" height=\"250\" alt=\"Der Sozialarbeiter erkl\u00e4rt einem Patienten was er braucht.\" src=\"https:\/\/nubedian.de\/wp-content\/uploads\/2019\/02\/Entlassmanagement-am-Patientenbett.jpg\" class=\"img-responsive wp-image-3008\" srcset=\"https:\/\/nubedian.de\/wp-content\/uploads\/2019\/02\/Entlassmanagement-am-Patientenbett-200x133.jpg 200w, https:\/\/nubedian.de\/wp-content\/uploads\/2019\/02\/Entlassmanagement-am-Patientenbett.jpg 375w\" sizes=\"(max-width: 1024px) 100vw, 375px\" \/><\/a><\/span><\/div><div class=\"fusion-sep-clear\"><\/div><div class=\"fusion-separator fusion-full-width-sep\" style=\"margin-left: auto;margin-right: auto;margin-top:30px;width:100%;\"><\/div><div class=\"fusion-sep-clear\"><\/div><div class=\"fusion-image-element in-legacy-container\" style=\"--awb-caption-title-font-family:var(--h2_typography-font-family);--awb-caption-title-font-weight:var(--h2_typography-font-weight);--awb-caption-title-font-style:var(--h2_typography-font-style);--awb-caption-title-size:var(--h2_typography-font-size);--awb-caption-title-transform:var(--h2_typography-text-transform);--awb-caption-title-line-height:var(--h2_typography-line-height);--awb-caption-title-letter-spacing:var(--h2_typography-letter-spacing);\"><span class=\"fusion-imageframe imageframe-none imageframe-2 hover-type-none\"><a class=\"fusion-no-lightbox\" href=\"https:\/\/nubedian.de\/wp-content\/uploads\/2019\/02\/Dokumentation-des-Entlassmanagements.jpg\" target=\"_self\" aria-label=\"Dokumentation des Entlassmanagements\"><img decoding=\"async\" width=\"375\" height=\"250\" alt=\"Sozialarbeiter mit CareSD Software auf dem Laptop\" src=\"https:\/\/nubedian.de\/wp-content\/uploads\/2019\/02\/Dokumentation-des-Entlassmanagements.jpg\" class=\"img-responsive wp-image-3007\" srcset=\"https:\/\/nubedian.de\/wp-content\/uploads\/2019\/02\/Dokumentation-des-Entlassmanagements-200x133.jpg 200w, https:\/\/nubedian.de\/wp-content\/uploads\/2019\/02\/Dokumentation-des-Entlassmanagements.jpg 375w\" sizes=\"(max-width: 1024px) 100vw, 375px\" \/><\/a><\/span><\/div><div class=\"fusion-sep-clear\"><\/div><div class=\"fusion-separator fusion-full-width-sep\" style=\"margin-left: auto;margin-right: auto;margin-top:30px;width:100%;\"><\/div><div class=\"fusion-sep-clear\"><\/div><div class=\"fusion-clearfix\"><\/div><\/div><\/div><\/div><\/div><div class=\"fusion-fullwidth fullwidth-box fusion-builder-row-3 nonhundred-percent-fullwidth hundred-percent-height hundred-percent-height-center-content non-hundred-percent-height-scrolling\" style=\"--awb-border-radius-top-left:0px;--awb-border-radius-top-right:0px;--awb-border-radius-bottom-right:0px;--awb-border-radius-bottom-left:0px;--awb-flex-wrap:wrap;\" ><div class=\"fusion-fullwidth-center-content\"><div class=\"fusion-builder-row fusion-row\"><div class=\"fusion-layout-column fusion_builder_column fusion-builder-column-4 fusion_builder_column_1_1 1_1 fusion-one-full fusion-column-first fusion-column-last\" style=\"--awb-bg-size:cover;\"><div class=\"fusion-column-wrapper fusion-flex-column-wrapper-legacy\"><div class=\"fusion-video fusion-vimeo\" style=\"--awb-max-width:1200px;--awb-max-height:1200px;\"><div class=\"video-shortcode\"><div class=\"fluid-width-video-wrapper\" style=\"padding-top:100%;\" ><iframe class=\"fusion-hidden\" data-privacy-type=\"vimeo\" src=\"\" title=\"Vimeo video player 1\" data-privacy-src=\"https:\/\/player.vimeo.com\/video\/282463740?autoplay=0&amp;autopause=0\" width=\"1200\" height=\"1200\" allowfullscreen allow=\"autoplay; fullscreen\"><\/iframe><div class=\"fusion-privacy-placeholder\" style=\"width:1200px; height:1200px;\" data-privacy-type=\"vimeo\"><div class=\"fusion-privacy-placeholder-content\"><div class=\"fusion-privacy-label\">For privacy reasons Vimeo needs your permission to be loaded. For more details, please see our <a class=\"privacy-policy-link\" href=\"https:\/\/nubedian.de\/en\/datenschutz\/\" rel=\"privacy-policy\">Data Protection<\/a>.<\/div><button data-privacy-type=\"vimeo\" class=\"fusion-button button-default fusion-button-default-size button fusion-privacy-consent\">I Accept<\/button><\/div><\/div><\/div><\/div><\/div><div class=\"fusion-clearfix\"><\/div><\/div><\/div><\/div><\/div><\/div><div class=\"fusion-bg-parallax\" data-bg-align=\"center center\" data-direction=\"down\" data-mute=\"false\" data-opacity=\"100\" data-velocity=\"-0.3\" data-mobile-enabled=\"false\" data-break_parents=\"0\" data-bg-image=\"https:\/\/nubedian.de\/wp-content\/uploads\/2016\/11\/avada-it-clouds-1.png\" data-bg-repeat=\"false\" data-bg-color=\"#74c5da\" ><\/div><div class=\"fusion-fullwidth fullwidth-box fusion-builder-row-4 fusion-parallax-down nonhundred-percent-fullwidth non-hundred-percent-height-scrolling\" style=\"--awb-border-radius-top-left:0px;--awb-border-radius-top-right:0px;--awb-border-radius-bottom-right:0px;--awb-border-radius-bottom-left:0px;--awb-padding-top:8%;--awb-padding-bottom:8%;--awb-background-color:#74c5da;--awb-background-image:url(&quot;https:\/\/nubedian.de\/wp-content\/uploads\/2016\/11\/avada-it-clouds-1.png&quot;);--awb-background-size:cover;--awb-flex-wrap:wrap;\" ><div class=\"fusion-builder-row fusion-row\"><div class=\"fusion-layout-column fusion_builder_column fusion-builder-column-5 fusion_builder_column_1_6 1_6 fusion-one-sixth fusion-column-first fusion-no-small-visibility\" style=\"--awb-bg-size:cover;width:16.666666666667%;width:calc(16.666666666667% - ( ( 4% + 4% ) * 0.16666666666667 ) );margin-right: 4%;\"><div class=\"fusion-column-wrapper fusion-flex-column-wrapper-legacy\"><div class=\"fusion-clearfix\"><\/div><\/div><\/div><div class=\"fusion-layout-column fusion_builder_column fusion-builder-column-6 fusion_builder_column_2_3 2_3 fusion-two-third\" style=\"--awb-padding-top:50px;--awb-padding-right:40px;--awb-padding-bottom:50px;--awb-padding-left:40px;--awb-bg-color:#ffffff;--awb-bg-color-hover:#ffffff;--awb-bg-size:cover;--awb-margin-top:10px;--awb-margin-bottom:10px;width:66.666666666667%;width:calc(66.666666666667% - ( ( 4% + 4% ) * 0.66666666666667 ) );margin-right: 4%;\"><div class=\"fusion-column-wrapper fusion-flex-column-wrapper-legacy\"><div class=\"fusion-testimonials clean awb-speech-bubble-show fusion-testimonials-1\" style=\"--awb-textcolor:#768894;--awb-backgroundcolor:rgba(246,246,246,0);--awb-testimonial-border-style:solid;--awb-testimonial-border-color:var(--awb-color3);--awb-border-top-left-radius:0px;--awb-border-top-right-radius:0px;--awb-border-bottom-left-radius:0px;--awb-border-bottom-right-radius:0px;--testimonial-border-width-top:0px;--testimonial-border-width-right:0px;--testimonial-border-width-bottom:0px;--testimonial-border-width-left:0px;\" data-random=\"0\" data-speed=\"4000\"><div class=\"reviews\"><div class=\"review active-testimonial avatar-above avatar-image\"><div class=\"testimonial-thumbnail\"><img decoding=\"async\" class=\"testimonial-image\" src=\"https:\/\/nubedian.de\/wp-content\/uploads\/2018\/08\/Nolte_Ulrich_275.jpg\" width=\"184\" height=\"275\" style=\"--awb-border-radius:50%;\" \/><\/div><blockquote class=\"has-transparent-color\"><div class=\"awb-quote\"><div class=\"awb-quote-content\">\n<p>\"We are very satisfied with nubedian GmbH. We have experienced an innovative, strong in consultation and transparent young team in the development and implementation.\"<\/p>\n<\/div><\/div><\/blockquote><div class=\"author\"><span class=\"company-name\"><strong>Ulrich Nolte<\/strong>, <span>Deputy Head of the Social Services\/Case Management Unit (UKM)<\/span><\/span><\/div><\/div><\/div><div class=\"testimonial-pagination\" id=\"fusion-testimonials-1\"><\/div><\/div><div class=\"fusion-clearfix\"><\/div><\/div><\/div><div class=\"fusion-layout-column fusion_builder_column fusion-builder-column-7 fusion_builder_column_1_6 1_6 fusion-one-sixth fusion-column-last fusion-no-small-visibility\" style=\"--awb-bg-size:cover;width:16.666666666667%;width:calc(16.666666666667% - ( ( 4% + 4% ) * 0.16666666666667 ) );\"><div class=\"fusion-column-wrapper fusion-flex-column-wrapper-legacy\"><div class=\"fusion-clearfix\"><\/div><\/div><\/div><\/div><\/div><div class=\"fusion-fullwidth fullwidth-box fusion-builder-row-5 nonhundred-percent-fullwidth non-hundred-percent-height-scrolling\" style=\"--awb-border-radius-top-left:0px;--awb-border-radius-top-right:0px;--awb-border-radius-bottom-right:0px;--awb-border-radius-bottom-left:0px;--awb-flex-wrap:wrap;\" ><div class=\"fusion-builder-row fusion-row\"><div class=\"fusion-layout-column fusion_builder_column fusion-builder-column-8 fusion_builder_column_1_1 1_1 fusion-one-full fusion-column-first fusion-column-last\" style=\"--awb-bg-size:cover;\"><div class=\"fusion-column-wrapper fusion-flex-column-wrapper-legacy\"><div class=\"fusion-sep-clear\"><\/div><div class=\"fusion-separator fusion-full-width-sep\" style=\"margin-left: auto;margin-right: auto;margin-top:40px;width:100%;\"><\/div><div class=\"fusion-sep-clear\"><\/div><div class=\"fusion-clearfix\"><\/div><\/div><\/div><\/div><\/div><\/p>","protected":false},"excerpt":{"rendered":"","protected":false},"author":1,"featured_media":0,"parent":1559,"menu_order":0,"comment_status":"closed","ping_status":"closed","template":"100-width.php","meta":{"footnotes":""},"class_list":["post-1150","page","type-page","status-publish","hentry"],"yoast_head":"<!-- This site is optimized with the Yoast SEO plugin v26.2 - https:\/\/yoast.com\/wordpress\/plugins\/seo\/ -->\n<title>CareSD \u2013 Software f\u00fcr das Entlassmanagement und den Sozialdienst<\/title>\n<meta name=\"description\" content=\"CareSD wurde speziell f\u00fcr das Entlassmanagement entwickelt. Es unterst\u00fctzt den Sozialdienst in Krankenh\u00e4usern optimal bei ihren t\u00e4glichen Arbeitsprozessen.\" \/>\n<meta name=\"robots\" content=\"index, follow, max-snippet:-1, max-image-preview:large, max-video-preview:-1\" \/>\n<link rel=\"canonical\" href=\"https:\/\/nubedian.de\/en\/produkte\/caresd-sozialdienst-entlassmanagement\/\" \/>\n<meta property=\"og:locale\" content=\"en_US\" \/>\n<meta property=\"og:type\" content=\"article\" \/>\n<meta property=\"og:title\" content=\"CareSD \u2013 Software f\u00fcr das Entlassmanagement und den Sozialdienst\" \/>\n<meta property=\"og:description\" content=\"CareSD wurde speziell f\u00fcr das Entlassmanagement entwickelt. Es unterst\u00fctzt den Sozialdienst in Krankenh\u00e4usern optimal bei ihren t\u00e4glichen Arbeitsprozessen.\" \/>\n<meta property=\"og:url\" content=\"https:\/\/nubedian.de\/en\/produkte\/caresd-sozialdienst-entlassmanagement\/\" \/>\n<meta property=\"og:site_name\" content=\"nubedian GmbH\" \/>\n<meta property=\"article:publisher\" content=\"https:\/\/www.facebook.com\/nubedian\" \/>\n<meta property=\"article:modified_time\" content=\"2023-08-28T14:09:44+00:00\" \/>\n<meta name=\"twitter:card\" content=\"summary_large_image\" \/>\n<meta name=\"twitter:label1\" content=\"Est. reading time\" \/>\n\t<meta name=\"twitter:data1\" content=\"12 minutes\" \/>\n<script type=\"application\/ld+json\" class=\"yoast-schema-graph\">{\"@context\":\"https:\/\/schema.org\",\"@graph\":[{\"@type\":\"WebPage\",\"@id\":\"https:\/\/nubedian.de\/produkte\/caresd-sozialdienst-entlassmanagement\/\",\"url\":\"https:\/\/nubedian.de\/produkte\/caresd-sozialdienst-entlassmanagement\/\",\"name\":\"CareSD \u2013 Software f\u00fcr das Entlassmanagement und den Sozialdienst\",\"isPartOf\":{\"@id\":\"https:\/\/nubedian.de\/en\/#website\"},\"datePublished\":\"2018-07-11T15:20:59+00:00\",\"dateModified\":\"2023-08-28T14:09:44+00:00\",\"description\":\"CareSD wurde speziell f\u00fcr das Entlassmanagement entwickelt. Es unterst\u00fctzt den Sozialdienst in Krankenh\u00e4usern optimal bei ihren t\u00e4glichen Arbeitsprozessen.\",\"breadcrumb\":{\"@id\":\"https:\/\/nubedian.de\/produkte\/caresd-sozialdienst-entlassmanagement\/#breadcrumb\"},\"inLanguage\":\"en-US\",\"potentialAction\":[{\"@type\":\"ReadAction\",\"target\":[\"https:\/\/nubedian.de\/produkte\/caresd-sozialdienst-entlassmanagement\/\"]}]},{\"@type\":\"BreadcrumbList\",\"@id\":\"https:\/\/nubedian.de\/produkte\/caresd-sozialdienst-entlassmanagement\/#breadcrumb\",\"itemListElement\":[{\"@type\":\"ListItem\",\"position\":1,\"name\":\"Home\",\"item\":\"https:\/\/nubedian.de\/en\/\"},{\"@type\":\"ListItem\",\"position\":2,\"name\":\"Produkte\",\"item\":\"https:\/\/nubedian.de\/en\/produkte\/\"},{\"@type\":\"ListItem\",\"position\":3,\"name\":\"Produkte &#8211; CareSD\"}]},{\"@type\":\"WebSite\",\"@id\":\"https:\/\/nubedian.de\/en\/#website\",\"url\":\"https:\/\/nubedian.de\/en\/\",\"name\":\"nubedian GmbH\",\"description\":\"Ihr Softwarepartner f\u00fcr das Sozial- &amp; Gesundheitswesen\",\"potentialAction\":[{\"@type\":\"SearchAction\",\"target\":{\"@type\":\"EntryPoint\",\"urlTemplate\":\"https:\/\/nubedian.de\/en\/?s={search_term_string}\"},\"query-input\":{\"@type\":\"PropertyValueSpecification\",\"valueRequired\":true,\"valueName\":\"search_term_string\"}}],\"inLanguage\":\"en-US\"}]}<\/script>\n<!-- \/ Yoast SEO plugin. -->","yoast_head_json":{"title":"CareSD \u2013 Software f\u00fcr das Entlassmanagement und den Sozialdienst","description":"CareSD wurde speziell f\u00fcr das Entlassmanagement entwickelt. Es unterst\u00fctzt den Sozialdienst in Krankenh\u00e4usern optimal bei ihren t\u00e4glichen Arbeitsprozessen.","robots":{"index":"index","follow":"follow","max-snippet":"max-snippet:-1","max-image-preview":"max-image-preview:large","max-video-preview":"max-video-preview:-1"},"canonical":"https:\/\/nubedian.de\/en\/produkte\/caresd-sozialdienst-entlassmanagement\/","og_locale":"en_US","og_type":"article","og_title":"CareSD \u2013 Software f\u00fcr das Entlassmanagement und den Sozialdienst","og_description":"CareSD wurde speziell f\u00fcr das Entlassmanagement entwickelt. Es unterst\u00fctzt den Sozialdienst in Krankenh\u00e4usern optimal bei ihren t\u00e4glichen Arbeitsprozessen.","og_url":"https:\/\/nubedian.de\/en\/produkte\/caresd-sozialdienst-entlassmanagement\/","og_site_name":"nubedian GmbH","article_publisher":"https:\/\/www.facebook.com\/nubedian","article_modified_time":"2023-08-28T14:09:44+00:00","twitter_card":"summary_large_image","twitter_misc":{"Est. reading time":"12 minutes"},"schema":{"@context":"https:\/\/schema.org","@graph":[{"@type":"WebPage","@id":"https:\/\/nubedian.de\/produkte\/caresd-sozialdienst-entlassmanagement\/","url":"https:\/\/nubedian.de\/produkte\/caresd-sozialdienst-entlassmanagement\/","name":"CareSD \u2013 Software f\u00fcr das Entlassmanagement und den Sozialdienst","isPartOf":{"@id":"https:\/\/nubedian.de\/en\/#website"},"datePublished":"2018-07-11T15:20:59+00:00","dateModified":"2023-08-28T14:09:44+00:00","description":"CareSD wurde speziell f\u00fcr das Entlassmanagement entwickelt. Es unterst\u00fctzt den Sozialdienst in Krankenh\u00e4usern optimal bei ihren t\u00e4glichen Arbeitsprozessen.","breadcrumb":{"@id":"https:\/\/nubedian.de\/produkte\/caresd-sozialdienst-entlassmanagement\/#breadcrumb"},"inLanguage":"en-US","potentialAction":[{"@type":"ReadAction","target":["https:\/\/nubedian.de\/produkte\/caresd-sozialdienst-entlassmanagement\/"]}]},{"@type":"BreadcrumbList","@id":"https:\/\/nubedian.de\/produkte\/caresd-sozialdienst-entlassmanagement\/#breadcrumb","itemListElement":[{"@type":"ListItem","position":1,"name":"Home","item":"https:\/\/nubedian.de\/en\/"},{"@type":"ListItem","position":2,"name":"Produkte","item":"https:\/\/nubedian.de\/en\/produkte\/"},{"@type":"ListItem","position":3,"name":"Produkte &#8211; CareSD"}]},{"@type":"WebSite","@id":"https:\/\/nubedian.de\/en\/#website","url":"https:\/\/nubedian.de\/en\/","name":"nubedian GmbH","description":"Ihr Softwarepartner f\u00fcr das Sozial- &amp; Gesundheitswesen","potentialAction":[{"@type":"SearchAction","target":{"@type":"EntryPoint","urlTemplate":"https:\/\/nubedian.de\/en\/?s={search_term_string}"},"query-input":{"@type":"PropertyValueSpecification","valueRequired":true,"valueName":"search_term_string"}}],"inLanguage":"en-US"}]}},"_links":{"self":[{"href":"https:\/\/nubedian.de\/en\/wp-json\/wp\/v2\/pages\/1150","targetHints":{"allow":["GET"]}}],"collection":[{"href":"https:\/\/nubedian.de\/en\/wp-json\/wp\/v2\/pages"}],"about":[{"href":"https:\/\/nubedian.de\/en\/wp-json\/wp\/v2\/types\/page"}],"author":[{"embeddable":true,"href":"https:\/\/nubedian.de\/en\/wp-json\/wp\/v2\/users\/1"}],"replies":[{"embeddable":true,"href":"https:\/\/nubedian.de\/en\/wp-json\/wp\/v2\/comments?post=1150"}],"version-history":[{"count":91,"href":"https:\/\/nubedian.de\/en\/wp-json\/wp\/v2\/pages\/1150\/revisions"}],"predecessor-version":[{"id":31919,"href":"https:\/\/nubedian.de\/en\/wp-json\/wp\/v2\/pages\/1150\/revisions\/31919"}],"up":[{"embeddable":true,"href":"https:\/\/nubedian.de\/en\/wp-json\/wp\/v2\/pages\/1559"}],"wp:attachment":[{"href":"https:\/\/nubedian.de\/en\/wp-json\/wp\/v2\/media?parent=1150"}],"curies":[{"name":"wp","href":"https:\/\/api.w.org\/{rel}","templated":true}]}}