{"id":1389,"date":"2018-07-13T13:56:14","date_gmt":"2018-07-13T13:56:14","guid":{"rendered":"http:\/\/hosting112027.a2f2d.netcup.net\/?page_id=1389"},"modified":"2025-07-10T20:47:59","modified_gmt":"2025-07-10T18:47:59","slug":"carecm-pflegeberatung-wohnberatung","status":"publish","type":"page","link":"https:\/\/nubedian.de\/en\/produkte\/carecm-pflegeberatung-wohnberatung\/","title":{"rendered":"Products \u2013 CareCM"},"content":{"rendered":"<p><div class=\"fusion-fullwidth fullwidth-box fusion-builder-row-1 nonhundred-percent-fullwidth non-hundred-percent-height-scrolling fusion-no-small-visibility fusion-no-medium-visibility\" style=\"--awb-border-radius-top-left:0px;--awb-border-radius-top-right:0px;--awb-border-radius-bottom-right:0px;--awb-border-radius-bottom-left:0px;--awb-flex-wrap:wrap;\" ><div class=\"fusion-builder-row fusion-row\"><div class=\"fusion-layout-column fusion_builder_column fusion-builder-column-0 fusion_builder_column_1_6 1_6 fusion-one-sixth fusion-column-first\" style=\"--awb-bg-size:cover;width:16.666666666667%;width:calc(16.666666666667% - ( ( 4% ) * 0.16666666666667 ) );margin-right: 4%;\"><div class=\"fusion-column-wrapper fusion-flex-column-wrapper-legacy\"><div class=\"fusion-button-wrapper\"><a class=\"fusion-button button-flat fusion-button-default-size button-default fusion-button-default button-1 fusion-button-default-span fusion-button-default-type\" target=\"_self\" href=\"https:\/\/nubedian.de\/en\/produkte\/caseform-entlassmanagement\/\"><span class=\"fusion-button-text awb-button__text awb-button__text--default\">Caseform<\/span><\/a><\/div><div class=\"fusion-sep-clear\"><\/div><div class=\"fusion-separator fusion-full-width-sep\" style=\"margin-left: auto;margin-right: auto;margin-top:30px;margin-bottom:30px;width:100%;\"><\/div><div class=\"fusion-sep-clear\"><\/div><div class=\"fusion-clearfix\"><\/div><\/div><\/div><div class=\"fusion-layout-column fusion_builder_column fusion-builder-column-1 fusion_builder_column_1_6 1_6 fusion-one-sixth fusion-column-last\" style=\"--awb-bg-size:cover;width:16.666666666667%;width:calc(16.666666666667% - ( ( 4% ) * 0.16666666666667 ) );\"><div class=\"fusion-column-wrapper fusion-flex-column-wrapper-legacy\"><div class=\"fusion-button-wrapper\"><a class=\"fusion-button button-flat fusion-button-default-size button-default fusion-button-default button-2 fusion-button-default-span fusion-button-default-type\" target=\"_self\" href=\"https:\/\/nubedian.de\/en\/produkte\/caresd-sozialdienst-entlassmanagement\/\"><span class=\"fusion-button-text awb-button__text awb-button__text--default\">CareSD<\/span><\/a><\/div><div class=\"fusion-sep-clear\"><\/div><div class=\"fusion-separator fusion-full-width-sep\" style=\"margin-left: auto;margin-right: auto;margin-top:30px;margin-bottom:30px;width:100%;\"><\/div><div class=\"fusion-sep-clear\"><\/div><div class=\"fusion-clearfix\"><\/div><\/div><\/div><\/div><\/div><div class=\"fusion-fullwidth fullwidth-box fusion-builder-row-2 nonhundred-percent-fullwidth non-hundred-percent-height-scrolling\" style=\"--awb-border-radius-top-left:0px;--awb-border-radius-top-right:0px;--awb-border-radius-bottom-right:0px;--awb-border-radius-bottom-left:0px;--awb-flex-wrap:wrap;\" ><div class=\"fusion-builder-row fusion-row\"><div class=\"fusion-layout-column fusion_builder_column fusion-builder-column-2 fusion_builder_column_2_3 2_3 fusion-two-third fusion-column-first\" style=\"--awb-bg-size:cover;width:66.666666666667%;width:calc(66.666666666667% - ( ( 4% ) * 0.66666666666667 ) );margin-right: 4%;\"><div class=\"fusion-column-wrapper fusion-flex-column-wrapper-legacy\"><div class=\"fusion-text fusion-text-1\"><h2>CareCM &#8211;\u00a0<small>Care counseling, housing counseling, case management and district management<\/small><\/h2>\n<\/div><div class=\"fusion-text fusion-text-2\"><p><span lang=\"DE\" style=\"font-family: Roboto; color: #768894;\">Whether it's a care support point, housing and care advice, assisted living, district management or a welfare association, they all have one thing in common - providing help and advice to those seeking help. In a consultation, the well-being of the people is the most important thing. CareCM helps you to save time on documentation. Time that you need most for your clients.<\/span><\/p>\n<p>CareCM accompanies you in consulting and coordination activities, in the method of case management, offers ICF assessments, among other things, and supports networking. In addition, CareCM allows you to easily manage residents, service providers and civic actors as well as their offers in the social space. An electronic file, in which all documents, appointments, telephone calls, e-mails, and contacts related to the case are stored, ensures transparency and provides employees of counseling centers or care support points with an overview of the current status of a case. With the integrated quick documentation, recording anonymous counseling sessions is also child's play.<\/p>\n<p>Thanks to automated statistics, you can create performance records at the push of a button and save a lot of time, which you can use in counseling with the client. The software is user-friendly and actively involves people with counseling and assistance needs as the center of a case, taking into account the empowerment approach. Outreach counseling is also no longer causing technology gaps thanks to CareCM mobile for smartphones and tablet computers. Document directly at the client's home and save up the data transfer in the office.<\/p>\n<p>Partner apps (application on a tablet computer) can be used to specifically engage clients and residents of different districts in care, supporting a \"digital neighborhood\" to complement current services.<\/p>\n<p>The core functionalities:<\/p>\n<ul class=\"tick\">\n<li>Client management<\/li>\n<li>Case Management<\/li>\n<li>Supply planning<\/li>\n<li>User and rights management<\/li>\n<li>Assessment tools (ICF, etc.)<\/li>\n<li>Client record<\/li>\n<li>Central database for network management<\/li>\n<li>Statistics and reporting functions<\/li>\n<li>Client\/resident engagement via mobile solutions (application)<\/li>\n<li>Search for nursing aftercare services via interface to the platform <a href=\"http:\/\/www.caseform.de\/entlassmanagement\">Caseform<\/a><\/li>\n<\/ul>\n<p><a href=\"http:\/\/www.carecm.de\/\" target=\"_blank\" rel=\"noopener noreferrer\">More information about CareCM<\/a><\/p>\n<\/div><div class=\"fusion-sep-clear\"><\/div><div class=\"fusion-separator fusion-full-width-sep\" style=\"margin-left: auto;margin-right: auto;margin-top:30px;width:100%;\"><\/div><div class=\"fusion-sep-clear\"><\/div><div class=\"fusion-sep-clear\"><\/div><div class=\"fusion-separator fusion-full-width-sep\" style=\"margin-left: auto;margin-right: auto;margin-top:40px;margin-bottom:40px;width:100%;\"><\/div><div class=\"fusion-sep-clear\"><\/div><div class=\"fusion-clearfix\"><\/div><\/div><\/div><div class=\"fusion-layout-column fusion_builder_column fusion-builder-column-3 fusion_builder_column_1_3 1_3 fusion-one-third fusion-column-last\" style=\"--awb-bg-size:cover;width:33.333333333333%;width:calc(33.333333333333% - ( ( 4% ) * 0.33333333333333 ) );\"><div class=\"fusion-column-wrapper fusion-flex-column-wrapper-legacy\"><div class=\"fusion-sep-clear\"><\/div><div class=\"fusion-separator fusion-full-width-sep\" style=\"margin-left: auto;margin-right: auto;margin-top:30px;width:100%;\"><\/div><div class=\"fusion-sep-clear\"><\/div><div class=\"fusion-image-element in-legacy-container\" style=\"--awb-caption-title-font-family:var(--h2_typography-font-family);--awb-caption-title-font-weight:var(--h2_typography-font-weight);--awb-caption-title-font-style:var(--h2_typography-font-style);--awb-caption-title-size:var(--h2_typography-font-size);--awb-caption-title-transform:var(--h2_typography-text-transform);--awb-caption-title-line-height:var(--h2_typography-line-height);--awb-caption-title-letter-spacing:var(--h2_typography-letter-spacing);\"><span class=\"fusion-imageframe imageframe-none imageframe-1 hover-type-none\"><a class=\"fusion-no-lightbox\" href=\"https:\/\/nubedian.de\/wp-content\/uploads\/2019\/02\/Pflegeberatung-vor-Ort.jpg\" target=\"_self\" aria-label=\"Pflegeberatung vor Ort\"><img decoding=\"async\" width=\"375\" height=\"250\" alt=\"Seniorenpaar hat ein Treffen mit dem Finanzberater.\" src=\"https:\/\/nubedian.de\/wp-content\/uploads\/2019\/02\/Pflegeberatung-vor-Ort.jpg\" class=\"img-responsive wp-image-3003\" srcset=\"https:\/\/nubedian.de\/wp-content\/uploads\/2019\/02\/Pflegeberatung-vor-Ort-200x133.jpg 200w, https:\/\/nubedian.de\/wp-content\/uploads\/2019\/02\/Pflegeberatung-vor-Ort.jpg 375w\" sizes=\"(max-width: 1024px) 100vw, 375px\" \/><\/a><\/span><\/div><div class=\"fusion-sep-clear\"><\/div><div class=\"fusion-separator fusion-full-width-sep\" style=\"margin-left: auto;margin-right: auto;margin-top:30px;width:100%;\"><\/div><div class=\"fusion-sep-clear\"><\/div><div class=\"fusion-image-element in-legacy-container\" style=\"--awb-caption-title-font-family:var(--h2_typography-font-family);--awb-caption-title-font-weight:var(--h2_typography-font-weight);--awb-caption-title-font-style:var(--h2_typography-font-style);--awb-caption-title-size:var(--h2_typography-font-size);--awb-caption-title-transform:var(--h2_typography-text-transform);--awb-caption-title-line-height:var(--h2_typography-line-height);--awb-caption-title-letter-spacing:var(--h2_typography-letter-spacing);\"><span class=\"fusion-imageframe imageframe-none imageframe-2 hover-type-none\"><a class=\"fusion-no-lightbox\" href=\"https:\/\/nubedian.de\/wp-content\/uploads\/2019\/02\/Unterst\u00fctzung-im-Quartiersmanagement-mit-Tabletcomputern-CareBW.jpg\" target=\"_self\" aria-label=\"Unterst\u00fctzung im Quartiersmanagement mit Tabletcomputern\"><img decoding=\"async\" width=\"375\" height=\"250\" alt=\"Seniorenpaar hat ein Treffen mit dem Finanzberater.\" src=\"https:\/\/nubedian.de\/wp-content\/uploads\/2019\/02\/Unterst\u00fctzung-im-Quartiersmanagement-mit-Tabletcomputern-CareBW.jpg\" class=\"img-responsive wp-image-3000\" srcset=\"https:\/\/nubedian.de\/wp-content\/uploads\/2019\/02\/Unterst\u00fctzung-im-Quartiersmanagement-mit-Tabletcomputern-CareBW-200x133.jpg 200w, https:\/\/nubedian.de\/wp-content\/uploads\/2019\/02\/Unterst\u00fctzung-im-Quartiersmanagement-mit-Tabletcomputern-CareBW.jpg 375w\" sizes=\"(max-width: 1024px) 100vw, 375px\" \/><\/a><\/span><\/div><div class=\"fusion-sep-clear\"><\/div><div class=\"fusion-separator fusion-full-width-sep\" style=\"margin-left: auto;margin-right: auto;margin-top:30px;width:100%;\"><\/div><div class=\"fusion-sep-clear\"><\/div><div class=\"fusion-clearfix\"><\/div><\/div><\/div><\/div><\/div><div class=\"fusion-bg-parallax\" data-bg-align=\"center center\" data-direction=\"down\" data-mute=\"false\" data-opacity=\"100\" data-velocity=\"-0.3\" data-mobile-enabled=\"false\" data-break_parents=\"0\" data-bg-image=\"https:\/\/nubedian.de\/wp-content\/uploads\/2016\/11\/avada-it-clouds-1.png\" data-bg-repeat=\"false\" data-bg-color=\"#74c5da\" ><\/div><div class=\"fusion-fullwidth fullwidth-box fusion-builder-row-3 fusion-parallax-down nonhundred-percent-fullwidth non-hundred-percent-height-scrolling\" style=\"--awb-border-radius-top-left:0px;--awb-border-radius-top-right:0px;--awb-border-radius-bottom-right:0px;--awb-border-radius-bottom-left:0px;--awb-padding-top:8%;--awb-padding-bottom:8%;--awb-background-color:#74c5da;--awb-background-image:url(&quot;https:\/\/nubedian.de\/wp-content\/uploads\/2016\/11\/avada-it-clouds-1.png&quot;);--awb-background-size:cover;--awb-flex-wrap:wrap;\" ><div class=\"fusion-builder-row fusion-row\"><div class=\"fusion-layout-column fusion_builder_column fusion-builder-column-4 fusion_builder_column_1_6 1_6 fusion-one-sixth fusion-column-first fusion-no-small-visibility\" style=\"--awb-bg-size:cover;width:16.666666666667%;width:calc(16.666666666667% - ( ( 4% + 4% ) * 0.16666666666667 ) );margin-right: 4%;\"><div class=\"fusion-column-wrapper fusion-flex-column-wrapper-legacy\"><div class=\"fusion-clearfix\"><\/div><\/div><\/div><div class=\"fusion-layout-column fusion_builder_column fusion-builder-column-5 fusion_builder_column_2_3 2_3 fusion-two-third\" style=\"--awb-padding-top:50px;--awb-padding-right:40px;--awb-padding-bottom:50px;--awb-padding-left:40px;--awb-bg-color:#ffffff;--awb-bg-color-hover:#ffffff;--awb-bg-size:cover;--awb-margin-top:10px;--awb-margin-bottom:10px;width:66.666666666667%;width:calc(66.666666666667% - ( ( 4% + 4% ) * 0.66666666666667 ) );margin-right: 4%;\"><div class=\"fusion-column-wrapper fusion-flex-column-wrapper-legacy\"><div class=\"fusion-testimonials clean awb-speech-bubble-show fusion-testimonials-1\" style=\"--awb-textcolor:#768894;--awb-backgroundcolor:rgba(246,246,246,0);--awb-testimonial-border-style:solid;--awb-testimonial-border-color:var(--awb-color3);--awb-navigation-size:12px;--awb-border-top-left-radius:0px;--awb-border-top-right-radius:0px;--awb-border-bottom-left-radius:0px;--awb-border-bottom-right-radius:0px;--testimonial-border-width-top:0px;--testimonial-border-width-right:0px;--testimonial-border-width-bottom:0px;--testimonial-border-width-left:0px;\" data-random=\"0\" data-speed=\"4000\"><div class=\"reviews\"><div class=\"review active-testimonial avatar-above avatar-image\"><div class=\"testimonial-thumbnail\"><img decoding=\"async\" class=\"testimonial-image\" src=\"https:\/\/nubedian.de\/wp-content\/uploads\/2025\/07\/quo3.png\" width=\"340\" height=\"340\" style=\"--awb-border-radius:50%;\" \/><\/div><blockquote class=\"has-transparent-color\"><div class=\"awb-quote\"><div class=\"awb-quote-content\">\n<p>&#8222;Beim Einsatz von CareCM bemerkt man direkt, dass diese Software von Anwendern mit entwickelt wurde. Es bietet die f\u00fcr die Beratung erforderlichen Eingabefelder und erm\u00f6glicht so eine einfache und schnelle Dokumentation der Beratungsgespr\u00e4che. Das Beste kommt dabei immer am Ende eines Jahres, die Statistik erstellen wir per Knopfdruck und nicht manuell per Strichliste.&#8220;<\/p>\n<\/div><\/div><\/blockquote><div class=\"author\"><span class=\"company-name\"><a href=\"https:\/\/wesermarsch.de\/services\/gesundheit-pflege\/pflegestuetzpunkt-im-landkreis-wesermarsch\/\" target=\"_self\"><span> Pflegest\u00fctzpunkt Wesermarsch<\/span><\/a><\/span><\/div><\/div><\/div><\/div><div class=\"fusion-clearfix\"><\/div><\/div><\/div><div class=\"fusion-layout-column fusion_builder_column fusion-builder-column-6 fusion_builder_column_1_6 1_6 fusion-one-sixth fusion-column-last fusion-no-small-visibility\" style=\"--awb-bg-size:cover;width:16.666666666667%;width:calc(16.666666666667% - ( ( 4% + 4% ) * 0.16666666666667 ) );\"><div class=\"fusion-column-wrapper fusion-flex-column-wrapper-legacy\"><div class=\"fusion-clearfix\"><\/div><\/div><\/div><\/div><\/div><div class=\"fusion-fullwidth fullwidth-box fusion-builder-row-4 nonhundred-percent-fullwidth non-hundred-percent-height-scrolling\" style=\"--awb-border-radius-top-left:0px;--awb-border-radius-top-right:0px;--awb-border-radius-bottom-right:0px;--awb-border-radius-bottom-left:0px;--awb-flex-wrap:wrap;\" ><div class=\"fusion-builder-row fusion-row\"><div class=\"fusion-layout-column fusion_builder_column fusion-builder-column-7 fusion_builder_column_1_1 1_1 fusion-one-full fusion-column-first fusion-column-last\" style=\"--awb-bg-size:cover;\"><div class=\"fusion-column-wrapper fusion-flex-column-wrapper-legacy\"><div class=\"fusion-sep-clear\"><\/div><div class=\"fusion-separator fusion-full-width-sep\" style=\"margin-left: auto;margin-right: auto;margin-top:40px;width:100%;\"><\/div><div class=\"fusion-sep-clear\"><\/div><div class=\"fusion-clearfix\"><\/div><\/div><\/div><\/div><\/div><\/p>","protected":false},"excerpt":{"rendered":"","protected":false},"author":1,"featured_media":0,"parent":1559,"menu_order":0,"comment_status":"closed","ping_status":"closed","template":"100-width.php","meta":{"footnotes":""},"class_list":["post-1389","page","type-page","status-publish","hentry"],"yoast_head":"<!-- This site is optimized with the Yoast SEO plugin v26.2 - https:\/\/yoast.com\/wordpress\/plugins\/seo\/ -->\n<title>CareCM \u2013 Software f\u00fcr Pflegeberatung und Wohnberatung<\/title>\n<meta name=\"description\" content=\"Mit CareCM dokumentieren Sie anwenderfreundlich und effizient, auch auf dem Tablet bei der Pflegeberatung vor Ort bei Klienten.\" \/>\n<meta name=\"robots\" content=\"index, follow, max-snippet:-1, max-image-preview:large, max-video-preview:-1\" \/>\n<link rel=\"canonical\" href=\"https:\/\/nubedian.de\/en\/produkte\/carecm-pflegeberatung-wohnberatung\/\" \/>\n<meta property=\"og:locale\" content=\"en_US\" \/>\n<meta property=\"og:type\" content=\"article\" \/>\n<meta property=\"og:title\" content=\"CareCM \u2013 Software f\u00fcr Pflegeberatung und Wohnberatung\" \/>\n<meta property=\"og:description\" content=\"Mit CareCM dokumentieren Sie anwenderfreundlich und effizient, auch auf dem Tablet bei der Pflegeberatung vor Ort bei Klienten.\" \/>\n<meta property=\"og:url\" content=\"https:\/\/nubedian.de\/en\/produkte\/carecm-pflegeberatung-wohnberatung\/\" \/>\n<meta property=\"og:site_name\" content=\"nubedian GmbH\" \/>\n<meta property=\"article:publisher\" content=\"https:\/\/www.facebook.com\/nubedian\" \/>\n<meta property=\"article:modified_time\" content=\"2025-07-10T18:47:59+00:00\" \/>\n<meta name=\"twitter:card\" content=\"summary_large_image\" \/>\n<meta name=\"twitter:label1\" content=\"Est. reading time\" \/>\n\t<meta name=\"twitter:data1\" content=\"3 minutes\" \/>\n<script type=\"application\/ld+json\" class=\"yoast-schema-graph\">{\"@context\":\"https:\/\/schema.org\",\"@graph\":[{\"@type\":\"WebPage\",\"@id\":\"https:\/\/nubedian.de\/produkte\/carecm-pflegeberatung-wohnberatung\/\",\"url\":\"https:\/\/nubedian.de\/produkte\/carecm-pflegeberatung-wohnberatung\/\",\"name\":\"CareCM \u2013 Software f\u00fcr Pflegeberatung und Wohnberatung\",\"isPartOf\":{\"@id\":\"https:\/\/nubedian.de\/#website\"},\"datePublished\":\"2018-07-13T13:56:14+00:00\",\"dateModified\":\"2025-07-10T18:47:59+00:00\",\"description\":\"Mit CareCM dokumentieren Sie anwenderfreundlich und effizient, auch auf dem Tablet bei der Pflegeberatung vor Ort bei Klienten.\",\"breadcrumb\":{\"@id\":\"https:\/\/nubedian.de\/produkte\/carecm-pflegeberatung-wohnberatung\/#breadcrumb\"},\"inLanguage\":\"en-US\",\"potentialAction\":[{\"@type\":\"ReadAction\",\"target\":[\"https:\/\/nubedian.de\/produkte\/carecm-pflegeberatung-wohnberatung\/\"]}]},{\"@type\":\"BreadcrumbList\",\"@id\":\"https:\/\/nubedian.de\/produkte\/carecm-pflegeberatung-wohnberatung\/#breadcrumb\",\"itemListElement\":[{\"@type\":\"ListItem\",\"position\":1,\"name\":\"Home\",\"item\":\"https:\/\/nubedian.de\/\"},{\"@type\":\"ListItem\",\"position\":2,\"name\":\"Produkte\",\"item\":\"https:\/\/nubedian.de\/produkte\/\"},{\"@type\":\"ListItem\",\"position\":3,\"name\":\"Produkte &#8211; CareCM\"}]},{\"@type\":\"WebSite\",\"@id\":\"https:\/\/nubedian.de\/#website\",\"url\":\"https:\/\/nubedian.de\/\",\"name\":\"nubedian GmbH\",\"description\":\"Ihr Softwarepartner f\u00fcr das Sozial- &amp; Gesundheitswesen\",\"potentialAction\":[{\"@type\":\"SearchAction\",\"target\":{\"@type\":\"EntryPoint\",\"urlTemplate\":\"https:\/\/nubedian.de\/?s={search_term_string}\"},\"query-input\":{\"@type\":\"PropertyValueSpecification\",\"valueRequired\":true,\"valueName\":\"search_term_string\"}}],\"inLanguage\":\"en-US\"}]}<\/script>\n<!-- \/ Yoast SEO plugin. -->","yoast_head_json":{"title":"CareCM \u2013 Software f\u00fcr Pflegeberatung und Wohnberatung","description":"Mit CareCM dokumentieren Sie anwenderfreundlich und effizient, auch auf dem Tablet bei der Pflegeberatung vor Ort bei Klienten.","robots":{"index":"index","follow":"follow","max-snippet":"max-snippet:-1","max-image-preview":"max-image-preview:large","max-video-preview":"max-video-preview:-1"},"canonical":"https:\/\/nubedian.de\/en\/produkte\/carecm-pflegeberatung-wohnberatung\/","og_locale":"en_US","og_type":"article","og_title":"CareCM \u2013 Software f\u00fcr Pflegeberatung und Wohnberatung","og_description":"Mit CareCM dokumentieren Sie anwenderfreundlich und effizient, auch auf dem Tablet bei der Pflegeberatung vor Ort bei Klienten.","og_url":"https:\/\/nubedian.de\/en\/produkte\/carecm-pflegeberatung-wohnberatung\/","og_site_name":"nubedian GmbH","article_publisher":"https:\/\/www.facebook.com\/nubedian","article_modified_time":"2025-07-10T18:47:59+00:00","twitter_card":"summary_large_image","twitter_misc":{"Est. reading time":"3 minutes"},"schema":{"@context":"https:\/\/schema.org","@graph":[{"@type":"WebPage","@id":"https:\/\/nubedian.de\/produkte\/carecm-pflegeberatung-wohnberatung\/","url":"https:\/\/nubedian.de\/produkte\/carecm-pflegeberatung-wohnberatung\/","name":"CareCM \u2013 Software f\u00fcr Pflegeberatung und Wohnberatung","isPartOf":{"@id":"https:\/\/nubedian.de\/#website"},"datePublished":"2018-07-13T13:56:14+00:00","dateModified":"2025-07-10T18:47:59+00:00","description":"Mit CareCM dokumentieren Sie anwenderfreundlich und effizient, auch auf dem Tablet bei der Pflegeberatung vor Ort bei Klienten.","breadcrumb":{"@id":"https:\/\/nubedian.de\/produkte\/carecm-pflegeberatung-wohnberatung\/#breadcrumb"},"inLanguage":"en-US","potentialAction":[{"@type":"ReadAction","target":["https:\/\/nubedian.de\/produkte\/carecm-pflegeberatung-wohnberatung\/"]}]},{"@type":"BreadcrumbList","@id":"https:\/\/nubedian.de\/produkte\/carecm-pflegeberatung-wohnberatung\/#breadcrumb","itemListElement":[{"@type":"ListItem","position":1,"name":"Home","item":"https:\/\/nubedian.de\/"},{"@type":"ListItem","position":2,"name":"Produkte","item":"https:\/\/nubedian.de\/produkte\/"},{"@type":"ListItem","position":3,"name":"Produkte &#8211; CareCM"}]},{"@type":"WebSite","@id":"https:\/\/nubedian.de\/#website","url":"https:\/\/nubedian.de\/","name":"nubedian GmbH","description":"Ihr Softwarepartner f\u00fcr das Sozial- &amp; Gesundheitswesen","potentialAction":[{"@type":"SearchAction","target":{"@type":"EntryPoint","urlTemplate":"https:\/\/nubedian.de\/?s={search_term_string}"},"query-input":{"@type":"PropertyValueSpecification","valueRequired":true,"valueName":"search_term_string"}}],"inLanguage":"en-US"}]}},"_links":{"self":[{"href":"https:\/\/nubedian.de\/en\/wp-json\/wp\/v2\/pages\/1389","targetHints":{"allow":["GET"]}}],"collection":[{"href":"https:\/\/nubedian.de\/en\/wp-json\/wp\/v2\/pages"}],"about":[{"href":"https:\/\/nubedian.de\/en\/wp-json\/wp\/v2\/types\/page"}],"author":[{"embeddable":true,"href":"https:\/\/nubedian.de\/en\/wp-json\/wp\/v2\/users\/1"}],"replies":[{"embeddable":true,"href":"https:\/\/nubedian.de\/en\/wp-json\/wp\/v2\/comments?post=1389"}],"version-history":[{"count":70,"href":"https:\/\/nubedian.de\/en\/wp-json\/wp\/v2\/pages\/1389\/revisions"}],"predecessor-version":[{"id":74414,"href":"https:\/\/nubedian.de\/en\/wp-json\/wp\/v2\/pages\/1389\/revisions\/74414"}],"up":[{"embeddable":true,"href":"https:\/\/nubedian.de\/en\/wp-json\/wp\/v2\/pages\/1559"}],"wp:attachment":[{"href":"https:\/\/nubedian.de\/en\/wp-json\/wp\/v2\/media?parent=1389"}],"curies":[{"name":"wp","href":"https:\/\/api.w.org\/{rel}","templated":true}]}}