{"id":1566,"date":"2018-07-30T12:14:19","date_gmt":"2018-07-30T12:14:19","guid":{"rendered":"http:\/\/hosting112027.a2f2d.netcup.net\/?page_id=1566"},"modified":"2019-03-20T11:00:35","modified_gmt":"2019-03-20T10:00:35","slug":"dienstleistungen","status":"publish","type":"page","link":"https:\/\/nubedian.de\/en\/dienstleistungen\/","title":{"rendered":"Services"},"content":{"rendered":"<p><div class=\"fusion-fullwidth fullwidth-box fusion-builder-row-1 nonhundred-percent-fullwidth non-hundred-percent-height-scrolling fusion-equal-height-columns\" style=\"--awb-border-radius-top-left:0px;--awb-border-radius-top-right:0px;--awb-border-radius-bottom-right:0px;--awb-border-radius-bottom-left:0px;--awb-padding-top:50px;--awb-padding-right:11%;--awb-padding-bottom:50px;--awb-padding-left:11%;--awb-flex-wrap:wrap;\" id=\"Beratung\" ><div class=\"fusion-builder-row fusion-row\"><div class=\"fusion-layout-column fusion_builder_column fusion-builder-column-0 fusion_builder_column_2_3 2_3 fusion-two-third fusion-column-first\" style=\"--awb-bg-size:cover;--awb-margin-top:15px;--awb-margin-bottom:15px;width:66.666666666667%;width:calc(66.666666666667% - ( ( 10% ) * 0.66666666666667 ) );margin-right: 10%;\"><div class=\"fusion-column-wrapper fusion-flex-column-wrapper-legacy\"><div class=\"fusion-column-content-centered\"><div class=\"fusion-column-content\"><div class=\"fusion-text fusion-text-1\"><h2>Consultation<span style=\"color: #74c5da;\">.<\/span><\/h2>\n<\/div><div class=\"fusion-sep-clear\"><\/div><div class=\"fusion-separator fusion-clearfix\" style=\"float:left;margin-bottom:50px;width:100%;max-width:100px;\"><div class=\"fusion-separator-border sep-single sep-solid\" style=\"--awb-height:20px;--awb-amount:20px;border-color:#74c5da;border-top-width:4px;\"><\/div><\/div><div class=\"fusion-sep-clear\"><\/div><div class=\"fusion-text fusion-text-2\"><p>We make your discharge management fit for the new framework contract discharge management.<\/p>\n<p>With the passing of the Law on Strengthening Care, discharge management has moved more into the focus of hospital care. In particular, the framework agreement on discharge management clearly defines which tasks and obligations will be faced by hospitals in the future. If you are wondering how you can discharge patients in accordance with the law and with high quality, at the same cost, despite the upcoming changes, you have come to the right place. In a one-day workshop, we analyze your existing processes and develop solution strategies. Numerous hospitals have already sought advice from the experts at nubedian GmbH and adjusted their discharge management according to the measures in the discharge management framework contract.<\/p>\n<p>Together with the actors in your discharge management, our experts develop target-oriented, hospital-specific and individual opportunities and solution strategies for optimally controlled planning and implementation concepts. Last but not least, we also include your existing IT infrastructure in the solution strategies. In order to be able to tackle these challenges in one day, we use instruments and questionnaires that have already proven themselves in use.<\/p>\n<\/div><\/div><\/div><div class=\"fusion-clearfix\"><\/div><\/div><\/div><div class=\"fusion-layout-column fusion_builder_column fusion-builder-column-1 fusion_builder_column_1_3 1_3 fusion-one-third fusion-column-last fusion-no-small-visibility\" style=\"--awb-padding-top:200px;--awb-bg-size:cover;--awb-margin-top:15px;--awb-margin-bottom:15px;width:33.333333333333%;width:calc(33.333333333333% - ( ( 10% ) * 0.33333333333333 ) );\"><div class=\"fusion-column-wrapper fusion-flex-column-wrapper-legacy\"><div class=\"fusion-column-content-centered\"><div class=\"fusion-column-content\"><div class=\"fusion-content-boxes content-boxes columns row fusion-columns-1 fusion-columns-total-1 fusion-content-boxes-1 content-boxes-clean-horizontal content-left content-boxes-icon-on-side\" style=\"--awb-title-color:#00bcd4;--awb-hover-accent-color:#74c5da;--awb-circle-hover-accent-color:#74c5da;--awb-item-margin-bottom:40px;\" data-animationoffset=\"top-mid-of-view\"><div style=\"--awb-backgroundcolor:rgba(255,255,255,0);--awb-content-padding-left:256px;border-color:rgba(255,255,255,0);\" class=\"fusion-column content-box-column content-box-column content-box-column-1 col-lg-12 col-md-12 col-sm-12 fusion-content-box-hover content-box-column-last content-box-column-last-in-row\"><div class=\"col content-box-wrapper content-wrapper link-area-box icon-hover-animation-none\" data-animationoffset=\"top-mid-of-view\"><div class=\"heading heading-with-icon icon-left\"><div class=\"icon\"><i style=\"border-color:#74c5da;border-width:1px;background-color:#74c5da;box-sizing:content-box;height:234px;width:234px;line-height:234px;border-radius:50%;font-size:117px;\" aria-hidden=\"true\" class=\"fontawesome-icon fa-comment far circle-yes fa-flip-horizontal\"><\/i><\/div><\/div><div class=\"fusion-clearfix\"><\/div><div class=\"content-container\">\n<p>BERATUNG<\/p>\n<\/div><\/div><\/div><div class=\"fusion-clearfix\"><\/div><\/div><\/div><\/div><div class=\"fusion-clearfix\"><\/div><\/div><\/div><\/div><\/div><div class=\"fusion-fullwidth fullwidth-box fusion-builder-row-2 nonhundred-percent-fullwidth non-hundred-percent-height-scrolling fusion-equal-height-columns\" style=\"--awb-border-radius-top-left:0px;--awb-border-radius-top-right:0px;--awb-border-radius-bottom-right:0px;--awb-border-radius-bottom-left:0px;--awb-padding-top:50px;--awb-padding-right:11%;--awb-padding-bottom:50px;--awb-padding-left:11%;--awb-background-color:#f4f6f7;--awb-flex-wrap:wrap;\" id=\"Schulungen\" ><div class=\"fusion-builder-row fusion-row\"><div class=\"fusion-layout-column fusion_builder_column fusion-builder-column-2 fusion_builder_column_1_3 1_3 fusion-one-third fusion-column-first fusion-no-small-visibility\" style=\"--awb-padding-top:200px;--awb-bg-size:cover;--awb-margin-top:15px;--awb-margin-bottom:15px;width:33.333333333333%;width:calc(33.333333333333% - ( ( 10% ) * 0.33333333333333 ) );margin-right: 10%;\"><div class=\"fusion-column-wrapper fusion-flex-column-wrapper-legacy\"><div class=\"fusion-column-content-centered\"><div class=\"fusion-column-content\"><div class=\"fusion-content-boxes content-boxes columns row fusion-columns-1 fusion-columns-total-1 fusion-content-boxes-2 content-boxes-clean-horizontal content-left content-boxes-icon-on-side\" style=\"--awb-body-color:#f4f6f7;--awb-title-color:#00bcd4;--awb-hover-accent-color:#74c5da;--awb-circle-hover-accent-color:#74c5da;--awb-item-margin-bottom:40px;\" data-animationoffset=\"top-mid-of-view\"><div style=\"--awb-backgroundcolor:rgba(255,255,255,0);--awb-content-padding-left:256px;border-color:rgba(255,255,255,0);\" class=\"fusion-column content-box-column content-box-column content-box-column-1 col-lg-12 col-md-12 col-sm-12 fusion-content-box-hover content-box-column-last content-box-column-last-in-row\"><div class=\"col content-box-wrapper content-wrapper link-area-box icon-hover-animation-none\" data-animationoffset=\"top-mid-of-view\"><div class=\"heading heading-with-icon icon-left\"><div class=\"icon\"><i style=\"border-color:#74c5da;border-width:1px;background-color:#74c5da;box-sizing:content-box;height:234px;width:234px;line-height:234px;border-radius:50%;font-size:117px;\" aria-hidden=\"true\" class=\"fontawesome-icon fa-chalkboard-teacher fas circle-yes fa-flip-horizontal\"><\/i><\/div><\/div><div class=\"fusion-clearfix\"><\/div><div class=\"content-container\">\n<p>BERATUNG<\/p>\n<\/div><\/div><\/div><div class=\"fusion-clearfix\"><\/div><\/div><\/div><\/div><div class=\"fusion-clearfix\"><\/div><\/div><\/div><div class=\"fusion-layout-column fusion_builder_column fusion-builder-column-3 fusion_builder_column_2_3 2_3 fusion-two-third fusion-column-last\" style=\"--awb-bg-size:cover;--awb-margin-top:15px;--awb-margin-bottom:15px;width:66.666666666667%;width:calc(66.666666666667% - ( ( 10% ) * 0.66666666666667 ) );\"><div class=\"fusion-column-wrapper fusion-flex-column-wrapper-legacy\"><div class=\"fusion-column-content-centered\"><div class=\"fusion-column-content\"><div class=\"fusion-text fusion-text-3\"><h2>Training<span style=\"color: #74c5da;\">.<\/span><\/h2>\n<\/div><div class=\"fusion-sep-clear\"><\/div><div class=\"fusion-separator fusion-clearfix\" style=\"float:left;margin-bottom:50px;width:100%;max-width:100px;\"><div class=\"fusion-separator-border sep-single sep-solid\" style=\"--awb-height:20px;--awb-amount:20px;border-color:#74c5da;border-top-width:4px;\"><\/div><\/div><div class=\"fusion-sep-clear\"><\/div><div class=\"fusion-text fusion-text-4\"><p>Don't let the chance slip by and educate yourself.<\/p>\n<p>As specialists in the fields of case management and software solutions for the social and health sector, we offer you seminars to impart knowledge, to share it or to develop it together. We help you to master difficult situations faster and with less effort. The seminars are presented in a comprehensible and motivating way by competent employees and partners of nubedian GmbH. The focus is on an interactive design of the seminars to give you, the user, the opportunity to work and shape. Try it out and take the chance to get to know interesting topics and help shape innovations. As a company that actively conducts research, it is our passion to impart knowledge and to bring you closer to innovative topics.<\/p>\n<\/div><\/div><\/div><div class=\"fusion-clearfix\"><\/div><\/div><\/div><\/div><\/div><div class=\"fusion-fullwidth fullwidth-box fusion-builder-row-3 nonhundred-percent-fullwidth non-hundred-percent-height-scrolling fusion-equal-height-columns\" style=\"--awb-border-radius-top-left:0px;--awb-border-radius-top-right:0px;--awb-border-radius-bottom-right:0px;--awb-border-radius-bottom-left:0px;--awb-padding-top:50px;--awb-padding-right:11%;--awb-padding-bottom:50px;--awb-padding-left:11%;--awb-flex-wrap:wrap;\" id=\"Support\" ><div class=\"fusion-builder-row fusion-row\"><div class=\"fusion-layout-column fusion_builder_column fusion-builder-column-4 fusion_builder_column_2_3 2_3 fusion-two-third fusion-column-first\" style=\"--awb-bg-size:cover;--awb-margin-top:15px;--awb-margin-bottom:15px;width:66.666666666667%;width:calc(66.666666666667% - ( ( 10% ) * 0.66666666666667 ) );margin-right: 10%;\"><div class=\"fusion-column-wrapper fusion-flex-column-wrapper-legacy\"><div class=\"fusion-column-content-centered\"><div class=\"fusion-column-content\"><div class=\"fusion-text fusion-text-5\"><h2>Support<span style=\"color: #74c5da;\">.<\/span><\/h2>\n<\/div><div class=\"fusion-sep-clear\"><\/div><div class=\"fusion-separator fusion-clearfix\" style=\"float:left;margin-bottom:50px;width:100%;max-width:100px;\"><div class=\"fusion-separator-border sep-single sep-solid\" style=\"--awb-height:20px;--awb-amount:20px;border-color:#74c5da;border-top-width:4px;\"><\/div><\/div><div class=\"fusion-sep-clear\"><\/div><div class=\"fusion-text fusion-text-6\"><p>Regardless of the problem, no matter what request or suggestion you would like to talk to us about. We support you and take you by the hand.<\/p>\n<p>Our solution-oriented way of thinking supports you in using the products of nubedian GmbH efficiently in your specific field of application. As we understand it, services serve to simplify the introduction, use and operation of the software for you. Do not go your own way. We will be happy to assist you.<\/p>\n<p>For this we offer telephone support, update support and remote maintenance. Our service staff answer your questions directly on the phone, all updates are always free of charge and with the help of remote maintenance software, functionalities in our solutions can be clearly demonstrated, explained and understood. You can sit back and relax and watch the demonstration on the screen.<\/p>\n<\/div><\/div><\/div><div class=\"fusion-clearfix\"><\/div><\/div><\/div><div class=\"fusion-layout-column fusion_builder_column fusion-builder-column-5 fusion_builder_column_1_3 1_3 fusion-one-third fusion-column-last fusion-no-small-visibility\" style=\"--awb-padding-top:200px;--awb-bg-size:cover;--awb-margin-top:15px;--awb-margin-bottom:15px;width:33.333333333333%;width:calc(33.333333333333% - ( ( 10% ) * 0.33333333333333 ) );\"><div class=\"fusion-column-wrapper fusion-flex-column-wrapper-legacy\"><div class=\"fusion-column-content-centered\"><div class=\"fusion-column-content\"><div class=\"fusion-content-boxes content-boxes columns row fusion-columns-1 fusion-columns-total-1 fusion-content-boxes-3 content-boxes-clean-horizontal content-left content-boxes-icon-on-side\" style=\"--awb-title-color:#00bcd4;--awb-hover-accent-color:#74c5da;--awb-circle-hover-accent-color:#74c5da;--awb-item-margin-bottom:40px;\" data-animationoffset=\"top-mid-of-view\"><div style=\"--awb-backgroundcolor:rgba(255,255,255,0);--awb-content-padding-left:256px;border-color:rgba(255,255,255,0);\" class=\"fusion-column content-box-column content-box-column content-box-column-1 col-lg-12 col-md-12 col-sm-12 fusion-content-box-hover content-box-column-last content-box-column-last-in-row\"><div class=\"col content-box-wrapper content-wrapper link-area-box icon-hover-animation-none\" data-animationoffset=\"top-mid-of-view\"><div class=\"heading heading-with-icon icon-left\"><div class=\"icon\"><i style=\"border-color:#74c5da;border-width:1px;background-color:#74c5da;box-sizing:content-box;height:234px;width:234px;line-height:234px;border-radius:50%;font-size:117px;\" aria-hidden=\"true\" class=\"fontawesome-icon fa-headphones fas circle-yes fa-flip-horizontal\"><\/i><\/div><\/div><div class=\"fusion-clearfix\"><\/div><div class=\"content-container\">\n<p>BERATUNG<\/p>\n<\/div><\/div><\/div><div class=\"fusion-clearfix\"><\/div><\/div><\/div><\/div><div class=\"fusion-clearfix\"><\/div><\/div><\/div><\/div><\/div><div class=\"fusion-fullwidth fullwidth-box fusion-builder-row-4 nonhundred-percent-fullwidth non-hundred-percent-height-scrolling fusion-equal-height-columns\" style=\"--awb-background-position:center top;--awb-border-radius-top-left:0px;--awb-border-radius-top-right:0px;--awb-border-radius-bottom-right:0px;--awb-border-radius-bottom-left:0px;--awb-padding-top:90px;--awb-padding-bottom:90px;--awb-background-color:#009ac3;--awb-border-sizes-top:0px;--awb-border-sizes-bottom:0px;--awb-flex-wrap:wrap;\" ><div class=\"fusion-builder-row fusion-row\"><div class=\"fusion-layout-column fusion_builder_column fusion-builder-column-6 fusion_builder_column_3_5 3_5 fusion-three-fifth fusion-column-first\" style=\"--awb-padding-top:0px;--awb-padding-right:30px;--awb-padding-bottom:0px;--awb-padding-left:30px;--awb-bg-size:cover;--awb-border-color:#ffffff;--awb-border-left:10px;--awb-border-style:solid;--awb-margin-top:15px;--awb-margin-bottom:15px;width:58.4%; margin-right: 4%;\"><div class=\"fusion-column-wrapper fusion-flex-column-wrapper-legacy\"><div class=\"fusion-column-content-centered\"><div class=\"fusion-column-content\"><div class=\"fusion-text fusion-text-7\"><h4 style=\"color: #fff; margin: 0;\"><span style=\"font-size: 190%; line-height: 1;\">Get in touch<\/span><br \/>\nWe are pleased to help you<span style=\"color: #fff;\">.<\/span><\/h4>\n<\/div><\/div><\/div><div class=\"fusion-clearfix\"><\/div><\/div><\/div><div class=\"fusion-layout-column fusion_builder_column fusion-builder-column-7 fusion_builder_column_1_5 1_5 fusion-one-fifth\" style=\"--awb-bg-size:cover;--awb-margin-top:15px;--awb-margin-bottom:15px;width:16.8%; margin-right: 4%;\"><div class=\"fusion-column-wrapper fusion-flex-column-wrapper-legacy\"><div class=\"fusion-column-content-centered\"><div class=\"fusion-column-content\"><\/div><\/div><div class=\"fusion-clearfix\"><\/div><\/div><\/div><div class=\"fusion-layout-column fusion_builder_column fusion-builder-column-8 fusion_builder_column_1_5 1_5 fusion-one-fifth fusion-column-last\" style=\"--awb-bg-size:cover;--awb-margin-top:15px;--awb-margin-bottom:15px;width:16.8%;\"><div class=\"fusion-column-wrapper fusion-flex-column-wrapper-legacy\"><div class=\"fusion-column-content-centered\"><div class=\"fusion-column-content\"><div class=\"fusion-button-wrapper\"><a class=\"fusion-button button-flat button-xlarge button-custom fusion-button-default button-1 fusion-button-default-span fusion-button-default-type\" style=\"--button_accent_color:#092933;--button_accent_hover_color:#ffffff;--button_border_hover_color:#ffffff;--button_gradient_top_color:#ffffff;--button_gradient_bottom_color:#ffffff;--button_gradient_top_color_hover:#f5751e;--button_gradient_bottom_color_hover:#f5751e;\" target=\"_self\" href=\"\/en\/kontakt\/\"><span class=\"fusion-button-text awb-button__text awb-button__text--default\">Contact<\/span><\/a><\/div><\/div><\/div><div class=\"fusion-clearfix\"><\/div><\/div><\/div><\/div><\/div><\/p>","protected":false},"excerpt":{"rendered":"","protected":false},"author":1,"featured_media":0,"parent":0,"menu_order":0,"comment_status":"closed","ping_status":"closed","template":"100-width.php","meta":{"footnotes":""},"class_list":["post-1566","page","type-page","status-publish","hentry"],"yoast_head":"<!-- This site is optimized with the Yoast SEO plugin v26.2 - https:\/\/yoast.com\/wordpress\/plugins\/seo\/ -->\n<title>nubedian entwickelt Individuall\u00f6sungen f\u00fcr das Gesundheitswesen<\/title>\n<meta name=\"description\" content=\"nubedian f\u00fchrt gemeinsam mit Ihnen eine IST-Analyse durch und Entwickelt f\u00fcr Sie Ihre Individuall\u00f6sung f\u00fcr das Gesundheitswesen.\" \/>\n<meta name=\"robots\" content=\"index, follow, max-snippet:-1, max-image-preview:large, max-video-preview:-1\" \/>\n<link rel=\"canonical\" href=\"https:\/\/nubedian.de\/en\/dienstleistungen\/\" \/>\n<meta property=\"og:locale\" content=\"en_US\" \/>\n<meta property=\"og:type\" content=\"article\" \/>\n<meta property=\"og:title\" content=\"nubedian entwickelt Individuall\u00f6sungen f\u00fcr das Gesundheitswesen\" \/>\n<meta property=\"og:description\" content=\"nubedian f\u00fchrt gemeinsam mit Ihnen eine IST-Analyse durch und Entwickelt f\u00fcr Sie Ihre Individuall\u00f6sung f\u00fcr das Gesundheitswesen.\" \/>\n<meta property=\"og:url\" content=\"https:\/\/nubedian.de\/en\/dienstleistungen\/\" \/>\n<meta property=\"og:site_name\" content=\"nubedian GmbH\" \/>\n<meta property=\"article:publisher\" content=\"https:\/\/www.facebook.com\/nubedian\" \/>\n<meta property=\"article:modified_time\" content=\"2019-03-20T10:00:35+00:00\" \/>\n<meta name=\"twitter:card\" content=\"summary_large_image\" \/>\n<meta name=\"twitter:label1\" content=\"Est. reading time\" \/>\n\t<meta name=\"twitter:data1\" content=\"11 minutes\" \/>\n<script type=\"application\/ld+json\" class=\"yoast-schema-graph\">{\"@context\":\"https:\/\/schema.org\",\"@graph\":[{\"@type\":\"WebPage\",\"@id\":\"https:\/\/nubedian.de\/en\/dienstleistungen\/\",\"url\":\"https:\/\/nubedian.de\/en\/dienstleistungen\/\",\"name\":\"nubedian entwickelt Individuall\u00f6sungen f\u00fcr das Gesundheitswesen\",\"isPartOf\":{\"@id\":\"https:\/\/nubedian.de\/#website\"},\"datePublished\":\"2018-07-30T12:14:19+00:00\",\"dateModified\":\"2019-03-20T10:00:35+00:00\",\"description\":\"nubedian f\u00fchrt gemeinsam mit Ihnen eine IST-Analyse durch und Entwickelt f\u00fcr Sie Ihre Individuall\u00f6sung f\u00fcr das Gesundheitswesen.\",\"breadcrumb\":{\"@id\":\"https:\/\/nubedian.de\/en\/dienstleistungen\/#breadcrumb\"},\"inLanguage\":\"en-US\",\"potentialAction\":[{\"@type\":\"ReadAction\",\"target\":[\"https:\/\/nubedian.de\/en\/dienstleistungen\/\"]}]},{\"@type\":\"BreadcrumbList\",\"@id\":\"https:\/\/nubedian.de\/en\/dienstleistungen\/#breadcrumb\",\"itemListElement\":[{\"@type\":\"ListItem\",\"position\":1,\"name\":\"Home\",\"item\":\"https:\/\/nubedian.de\/\"},{\"@type\":\"ListItem\",\"position\":2,\"name\":\"Dienstleistungen\"}]},{\"@type\":\"WebSite\",\"@id\":\"https:\/\/nubedian.de\/#website\",\"url\":\"https:\/\/nubedian.de\/\",\"name\":\"nubedian GmbH\",\"description\":\"Ihr Softwarepartner f\u00fcr das Sozial- &amp; Gesundheitswesen\",\"potentialAction\":[{\"@type\":\"SearchAction\",\"target\":{\"@type\":\"EntryPoint\",\"urlTemplate\":\"https:\/\/nubedian.de\/?s={search_term_string}\"},\"query-input\":{\"@type\":\"PropertyValueSpecification\",\"valueRequired\":true,\"valueName\":\"search_term_string\"}}],\"inLanguage\":\"en-US\"}]}<\/script>\n<!-- \/ Yoast SEO plugin. -->","yoast_head_json":{"title":"nubedian entwickelt Individuall\u00f6sungen f\u00fcr das Gesundheitswesen","description":"nubedian f\u00fchrt gemeinsam mit Ihnen eine IST-Analyse durch und Entwickelt f\u00fcr Sie Ihre Individuall\u00f6sung f\u00fcr das Gesundheitswesen.","robots":{"index":"index","follow":"follow","max-snippet":"max-snippet:-1","max-image-preview":"max-image-preview:large","max-video-preview":"max-video-preview:-1"},"canonical":"https:\/\/nubedian.de\/en\/dienstleistungen\/","og_locale":"en_US","og_type":"article","og_title":"nubedian entwickelt Individuall\u00f6sungen f\u00fcr das Gesundheitswesen","og_description":"nubedian f\u00fchrt gemeinsam mit Ihnen eine IST-Analyse durch und Entwickelt f\u00fcr Sie Ihre Individuall\u00f6sung f\u00fcr das Gesundheitswesen.","og_url":"https:\/\/nubedian.de\/en\/dienstleistungen\/","og_site_name":"nubedian GmbH","article_publisher":"https:\/\/www.facebook.com\/nubedian","article_modified_time":"2019-03-20T10:00:35+00:00","twitter_card":"summary_large_image","twitter_misc":{"Est. reading time":"11 minutes"},"schema":{"@context":"https:\/\/schema.org","@graph":[{"@type":"WebPage","@id":"https:\/\/nubedian.de\/en\/dienstleistungen\/","url":"https:\/\/nubedian.de\/en\/dienstleistungen\/","name":"nubedian entwickelt Individuall\u00f6sungen f\u00fcr das Gesundheitswesen","isPartOf":{"@id":"https:\/\/nubedian.de\/#website"},"datePublished":"2018-07-30T12:14:19+00:00","dateModified":"2019-03-20T10:00:35+00:00","description":"nubedian f\u00fchrt gemeinsam mit Ihnen eine IST-Analyse durch und Entwickelt f\u00fcr Sie Ihre Individuall\u00f6sung f\u00fcr das Gesundheitswesen.","breadcrumb":{"@id":"https:\/\/nubedian.de\/en\/dienstleistungen\/#breadcrumb"},"inLanguage":"en-US","potentialAction":[{"@type":"ReadAction","target":["https:\/\/nubedian.de\/en\/dienstleistungen\/"]}]},{"@type":"BreadcrumbList","@id":"https:\/\/nubedian.de\/en\/dienstleistungen\/#breadcrumb","itemListElement":[{"@type":"ListItem","position":1,"name":"Home","item":"https:\/\/nubedian.de\/"},{"@type":"ListItem","position":2,"name":"Dienstleistungen"}]},{"@type":"WebSite","@id":"https:\/\/nubedian.de\/#website","url":"https:\/\/nubedian.de\/","name":"nubedian GmbH","description":"Ihr Softwarepartner f\u00fcr das Sozial- &amp; Gesundheitswesen","potentialAction":[{"@type":"SearchAction","target":{"@type":"EntryPoint","urlTemplate":"https:\/\/nubedian.de\/?s={search_term_string}"},"query-input":{"@type":"PropertyValueSpecification","valueRequired":true,"valueName":"search_term_string"}}],"inLanguage":"en-US"}]}},"_links":{"self":[{"href":"https:\/\/nubedian.de\/en\/wp-json\/wp\/v2\/pages\/1566","targetHints":{"allow":["GET"]}}],"collection":[{"href":"https:\/\/nubedian.de\/en\/wp-json\/wp\/v2\/pages"}],"about":[{"href":"https:\/\/nubedian.de\/en\/wp-json\/wp\/v2\/types\/page"}],"author":[{"embeddable":true,"href":"https:\/\/nubedian.de\/en\/wp-json\/wp\/v2\/users\/1"}],"replies":[{"embeddable":true,"href":"https:\/\/nubedian.de\/en\/wp-json\/wp\/v2\/comments?post=1566"}],"version-history":[{"count":22,"href":"https:\/\/nubedian.de\/en\/wp-json\/wp\/v2\/pages\/1566\/revisions"}],"predecessor-version":[{"id":2409,"href":"https:\/\/nubedian.de\/en\/wp-json\/wp\/v2\/pages\/1566\/revisions\/2409"}],"wp:attachment":[{"href":"https:\/\/nubedian.de\/en\/wp-json\/wp\/v2\/media?parent=1566"}],"curies":[{"name":"wp","href":"https:\/\/api.w.org\/{rel}","templated":true}]}}