{"id":2952,"date":"2019-03-06T09:32:56","date_gmt":"2019-03-06T08:32:56","guid":{"rendered":"https:\/\/nubedian.de\/?page_id=2952"},"modified":"2023-08-28T16:08:44","modified_gmt":"2023-08-28T14:08:44","slug":"caseform-entlassmanagement","status":"publish","type":"page","link":"https:\/\/nubedian.de\/en\/produkte\/caseform-entlassmanagement\/","title":{"rendered":"Products - Caseform"},"content":{"rendered":"<p><div class=\"fusion-fullwidth fullwidth-box fusion-builder-row-1 nonhundred-percent-fullwidth non-hundred-percent-height-scrolling fusion-no-small-visibility fusion-no-medium-visibility\" style=\"--awb-border-radius-top-left:0px;--awb-border-radius-top-right:0px;--awb-border-radius-bottom-right:0px;--awb-border-radius-bottom-left:0px;--awb-flex-wrap:wrap;\" ><div class=\"fusion-builder-row fusion-row\"><div class=\"fusion-layout-column fusion_builder_column fusion-builder-column-0 fusion_builder_column_1_6 1_6 fusion-one-sixth fusion-column-first\" style=\"--awb-bg-size:cover;width:16.666666666667%;width:calc(16.666666666667% - ( ( 4% ) * 0.16666666666667 ) );margin-right: 4%;\"><div class=\"fusion-column-wrapper fusion-flex-column-wrapper-legacy\"><div class=\"fusion-button-wrapper\"><a class=\"fusion-button button-flat fusion-button-default-size button-default fusion-button-default button-1 fusion-button-default-span fusion-button-default-type\" target=\"_self\" href=\"https:\/\/nubedian.de\/en\/produkte\/caresd-sozialdienst-entlassmanagement\/\"><span class=\"fusion-button-text awb-button__text awb-button__text--default\">CareSD<\/span><\/a><\/div><div class=\"fusion-sep-clear\"><\/div><div class=\"fusion-separator fusion-full-width-sep\" style=\"margin-left: auto;margin-right: auto;margin-top:30px;margin-bottom:30px;width:100%;\"><\/div><div class=\"fusion-sep-clear\"><\/div><div class=\"fusion-clearfix\"><\/div><\/div><\/div><div class=\"fusion-layout-column fusion_builder_column fusion-builder-column-1 fusion_builder_column_1_6 1_6 fusion-one-sixth fusion-column-last\" style=\"--awb-bg-size:cover;width:16.666666666667%;width:calc(16.666666666667% - ( ( 4% ) * 0.16666666666667 ) );\"><div class=\"fusion-column-wrapper fusion-flex-column-wrapper-legacy\"><div class=\"fusion-button-wrapper\"><a class=\"fusion-button button-flat fusion-button-default-size button-default fusion-button-default button-2 fusion-button-default-span fusion-button-default-type\" target=\"_self\" href=\"https:\/\/nubedian.de\/en\/produkte\/carecm-pflegeberatung-wohnberatung\/\"><span class=\"fusion-button-text awb-button__text awb-button__text--default\">CareCM<\/span><\/a><\/div><div class=\"fusion-sep-clear\"><\/div><div class=\"fusion-separator fusion-full-width-sep\" style=\"margin-left: auto;margin-right: auto;margin-top:30px;margin-bottom:30px;width:100%;\"><\/div><div class=\"fusion-sep-clear\"><\/div><div class=\"fusion-clearfix\"><\/div><\/div><\/div><\/div><\/div><div class=\"fusion-fullwidth fullwidth-box fusion-builder-row-2 nonhundred-percent-fullwidth non-hundred-percent-height-scrolling\" style=\"--awb-border-radius-top-left:0px;--awb-border-radius-top-right:0px;--awb-border-radius-bottom-right:0px;--awb-border-radius-bottom-left:0px;--awb-flex-wrap:wrap;\" ><div class=\"fusion-builder-row fusion-row\"><div class=\"fusion-layout-column fusion_builder_column fusion-builder-column-2 fusion_builder_column_2_3 2_3 fusion-two-third fusion-column-first\" style=\"--awb-bg-size:cover;width:66.666666666667%;width:calc(66.666666666667% - ( ( 4% ) * 0.66666666666667 ) );margin-right: 4%;\"><div class=\"fusion-column-wrapper fusion-flex-column-wrapper-legacy\"><div class=\"fusion-text fusion-text-1\"><h2 class=\"fusion-responsive-typography-calculated\" style=\"--fontsize: 43; line-height: 1;\" data-fontsize=\"43\" data-lineheight=\"43px\">Caseform - Platform for the discharge management and your patient portal<\/h2>\n<\/div><div class=\"fusion-text fusion-text-2\"><p>Caseform is your solution for smooth discharge management. Find suitable aftercare providers for your patients quickly and easily without time-consuming phone calls and use a secure platform. Caseform supports the process of transition, relieves your social services staff, care transition, discharge management and guarantees transparency, always with the objective of improving patient care. In the light  of the KHZG law, Caseform can be connected to any <a href=\"https:\/\/nubedian.de\/en\/fachbeitragsserie-zum-thema-patientenportal-t1\/\">patient portal. <\/a>With Caseform you work<\/p>\n<ul>\n<li>Fast<\/li>\n<\/ul>\n<p>Thanks to modern technologies and interfaces to <a href=\"http:\/\/nubedian.de\/en\/caresd\/\"><strong>CareSD<\/strong><\/a> and HIS systems, you can find suitable aftercare providers for your patients with just a few clicks and you save yourself a lot of time on the phone.<\/p>\n<ul>\n<li>Simple<\/li>\n<\/ul>\n<p>The platform is neatly arranged and the operation is child's play. Caseform is web-based and can therefore be used from any location and on any device (computer, tablet, smartphone) without installation.<\/p>\n<ul>\n<li>Secure<\/li>\n<\/ul>\n<p>The requirements of the GDPR were already taken into account during implementation. State-of-the-art encryption technologies are used to protect the data, thereby fulfilling the strictest data protection regulations.<\/p>\n<p>Your advantages with Caseform at a glance:<\/p>\n<ul>\n<li>High savings potential (time, reduction in length of stay)<\/li>\n<li>Interface to HIS systems and CareSD\u00ae<\/li>\n<li>Consideration of the patient's right of choice<\/li>\n<li>Increase of quality and transparency<\/li>\n<li>Evaluation possibilities of the transfer process<\/li>\n<li>Secure communication (messages, documents)<\/li>\n<li>Compatible with any patient portal<\/li>\n<\/ul>\n<p>Start optimizing your discharge management in the hospital.<\/p>\n<\/div><div class=\"fusion-button-wrapper\"><a class=\"fusion-button button-flat fusion-button-default-size button-default fusion-button-default button-3 fusion-button-default-span fusion-button-default-type\" style=\"--button_text_transform:none;\" target=\"_self\" href=\"https:\/\/nubedian.de\/en\/kontakt\/?Betreff=Caseform%20Onlinepr%C3%A4sentation\"><span class=\"fusion-button-text awb-button__text awb-button__text--default\">Book a free Online Presentation<\/span><\/a><\/div><div class=\"fusion-sep-clear\"><\/div><div class=\"fusion-separator fusion-full-width-sep\" style=\"margin-left: auto;margin-right: auto;margin-top:30px;width:100%;\"><\/div><div class=\"fusion-sep-clear\"><\/div><div class=\"fusion-sep-clear\"><\/div><div class=\"fusion-separator fusion-full-width-sep\" style=\"margin-left: auto;margin-right: auto;margin-top:30px;width:100%;\"><\/div><div class=\"fusion-sep-clear\"><\/div><div class=\"fusion-text fusion-text-3\"><p><a href=\"https:\/\/caseform.de\/Entlassmanagement\/\">More information about Caseform<\/a><\/p>\n<\/div><div class=\"fusion-clearfix\"><\/div><\/div><\/div><div class=\"fusion-layout-column fusion_builder_column fusion-builder-column-3 fusion_builder_column_1_3 1_3 fusion-one-third fusion-column-last\" style=\"--awb-bg-color:#ffffff;--awb-bg-color-hover:#ffffff;--awb-bg-size:cover;width:33.333333333333%;width:calc(33.333333333333% - ( ( 4% ) * 0.33333333333333 ) );\"><div class=\"fusion-column-wrapper fusion-flex-column-wrapper-legacy\"><div class=\"fusion-sep-clear\"><\/div><div class=\"fusion-separator fusion-full-width-sep\" style=\"margin-left: auto;margin-right: auto;margin-top:30px;width:100%;\"><\/div><div class=\"fusion-sep-clear\"><\/div><div class=\"fusion-image-element in-legacy-container\" style=\"--awb-caption-title-font-family:var(--h2_typography-font-family);--awb-caption-title-font-weight:var(--h2_typography-font-weight);--awb-caption-title-font-style:var(--h2_typography-font-style);--awb-caption-title-size:var(--h2_typography-font-size);--awb-caption-title-transform:var(--h2_typography-text-transform);--awb-caption-title-line-height:var(--h2_typography-line-height);--awb-caption-title-letter-spacing:var(--h2_typography-letter-spacing);\"><span class=\"fusion-imageframe imageframe-none imageframe-1 hover-type-none\"><a class=\"fusion-no-lightbox\" href=\"https:\/\/nubedian.de\/wp-content\/uploads\/2019\/03\/Caseform-Digitale-Pflege\u00fcberleitungen-und-sektoren\u00fcbergreifende-Kommunikation-1.jpg\" target=\"_self\" aria-label=\"Caseform &#8211; Digitale Pflege\u00fcberleitungen und sektoren\u00fcbergreifende Kommunikation\"><img decoding=\"async\" width=\"375\" height=\"250\" alt=\"Caseform - Plattform f\u00fcrs Entlassmanagement und Patientenportal\" src=\"https:\/\/nubedian.de\/wp-content\/uploads\/2019\/03\/Caseform-Digitale-Pflege\u00fcberleitungen-und-sektoren\u00fcbergreifende-Kommunikation-1.jpg\" class=\"img-responsive wp-image-3034\" srcset=\"https:\/\/nubedian.de\/wp-content\/uploads\/2019\/03\/Caseform-Digitale-Pflege\u00fcberleitungen-und-sektoren\u00fcbergreifende-Kommunikation-1-200x133.jpg 200w, https:\/\/nubedian.de\/wp-content\/uploads\/2019\/03\/Caseform-Digitale-Pflege\u00fcberleitungen-und-sektoren\u00fcbergreifende-Kommunikation-1.jpg 375w\" sizes=\"(max-width: 1024px) 100vw, 375px\" \/><\/a><\/span><\/div><div class=\"fusion-sep-clear\"><\/div><div class=\"fusion-separator fusion-full-width-sep\" style=\"margin-left: auto;margin-right: auto;margin-top:30px;width:100%;\"><\/div><div class=\"fusion-sep-clear\"><\/div><div class=\"fusion-image-element in-legacy-container\" style=\"--awb-caption-title-font-family:var(--h2_typography-font-family);--awb-caption-title-font-weight:var(--h2_typography-font-weight);--awb-caption-title-font-style:var(--h2_typography-font-style);--awb-caption-title-size:var(--h2_typography-font-size);--awb-caption-title-transform:var(--h2_typography-text-transform);--awb-caption-title-line-height:var(--h2_typography-line-height);--awb-caption-title-letter-spacing:var(--h2_typography-letter-spacing);\"><span class=\"fusion-imageframe imageframe-none imageframe-2 hover-type-none\"><a class=\"fusion-no-lightbox\" href=\"https:\/\/nubedian.de\/wp-content\/uploads\/2019\/03\/Caseform-Software.jpg\" target=\"_self\" aria-label=\"Caseform Software\"><img decoding=\"async\" width=\"375\" height=\"250\" alt=\"Caseform - Plattform f\u00fcrs Entlassmanagement und Patientenportal\" src=\"https:\/\/nubedian.de\/wp-content\/uploads\/2019\/03\/Caseform-Software.jpg\" class=\"img-responsive wp-image-3033\" srcset=\"https:\/\/nubedian.de\/wp-content\/uploads\/2019\/03\/Caseform-Software-200x133.jpg 200w, https:\/\/nubedian.de\/wp-content\/uploads\/2019\/03\/Caseform-Software.jpg 375w\" sizes=\"(max-width: 1024px) 100vw, 375px\" \/><\/a><\/span><\/div><div class=\"fusion-sep-clear\"><\/div><div class=\"fusion-separator fusion-full-width-sep\" style=\"margin-left: auto;margin-right: auto;margin-top:30px;width:100%;\"><\/div><div class=\"fusion-sep-clear\"><\/div><div class=\"fusion-clearfix\"><\/div><\/div><\/div><\/div><\/div><div class=\"fusion-fullwidth fullwidth-box fusion-builder-row-3 nonhundred-percent-fullwidth non-hundred-percent-height-scrolling\" style=\"--awb-border-radius-top-left:0px;--awb-border-radius-top-right:0px;--awb-border-radius-bottom-right:0px;--awb-border-radius-bottom-left:0px;--awb-flex-wrap:wrap;\" ><div class=\"fusion-builder-row fusion-row\"><div class=\"fusion-layout-column fusion_builder_column fusion-builder-column-4 fusion_builder_column_1_1 1_1 fusion-one-full fusion-column-first fusion-column-last\" style=\"--awb-bg-size:cover;\"><div class=\"fusion-column-wrapper fusion-flex-column-wrapper-legacy\"><div class=\"fusion-sep-clear\"><\/div><div class=\"fusion-separator fusion-full-width-sep\" style=\"margin-left: auto;margin-right: auto;margin-top:40px;width:100%;\"><\/div><div class=\"fusion-sep-clear\"><\/div><div class=\"fusion-clearfix\"><\/div><\/div><\/div><\/div><\/div><\/p>","protected":false},"excerpt":{"rendered":"","protected":false},"author":1,"featured_media":0,"parent":1559,"menu_order":0,"comment_status":"closed","ping_status":"closed","template":"100-width.php","meta":{"footnotes":""},"class_list":["post-2952","page","type-page","status-publish","hentry"],"yoast_head":"<!-- This site is optimized with the Yoast SEO plugin v26.2 - https:\/\/yoast.com\/wordpress\/plugins\/seo\/ -->\n<title>Entlassmanagement f\u00fcr Ihr Patientenportal im Krankenhaus<\/title>\n<meta name=\"description\" content=\"Caseform ist die Plattform f\u00fcrs Entlassmanagement und f\u00fcr Ihr Patientenportal im Krankenhaus. Zeit sparen bei der Suche nach Nachversorgern.\" \/>\n<meta name=\"robots\" content=\"index, follow, max-snippet:-1, max-image-preview:large, max-video-preview:-1\" \/>\n<link rel=\"canonical\" href=\"https:\/\/nubedian.de\/en\/produkte\/caseform-entlassmanagement\/\" \/>\n<meta property=\"og:locale\" content=\"en_US\" \/>\n<meta property=\"og:type\" content=\"article\" \/>\n<meta property=\"og:title\" content=\"Entlassmanagement f\u00fcr Ihr Patientenportal im Krankenhaus\" \/>\n<meta property=\"og:description\" content=\"Caseform ist die Plattform f\u00fcrs Entlassmanagement und f\u00fcr Ihr Patientenportal im Krankenhaus. Zeit sparen bei der Suche nach Nachversorgern.\" \/>\n<meta property=\"og:url\" content=\"https:\/\/nubedian.de\/en\/produkte\/caseform-entlassmanagement\/\" \/>\n<meta property=\"og:site_name\" content=\"nubedian GmbH\" \/>\n<meta property=\"article:publisher\" content=\"https:\/\/www.facebook.com\/nubedian\" \/>\n<meta property=\"article:modified_time\" content=\"2023-08-28T14:08:44+00:00\" \/>\n<meta name=\"twitter:card\" content=\"summary_large_image\" \/>\n<meta name=\"twitter:label1\" content=\"Est. reading time\" \/>\n\t<meta name=\"twitter:data1\" content=\"9 minutes\" \/>\n<script type=\"application\/ld+json\" class=\"yoast-schema-graph\">{\"@context\":\"https:\/\/schema.org\",\"@graph\":[{\"@type\":\"WebPage\",\"@id\":\"https:\/\/nubedian.de\/produkte\/caseform-entlassmanagement\/\",\"url\":\"https:\/\/nubedian.de\/produkte\/caseform-entlassmanagement\/\",\"name\":\"Entlassmanagement f\u00fcr Ihr Patientenportal im Krankenhaus\",\"isPartOf\":{\"@id\":\"https:\/\/nubedian.de\/#website\"},\"datePublished\":\"2019-03-06T08:32:56+00:00\",\"dateModified\":\"2023-08-28T14:08:44+00:00\",\"description\":\"Caseform ist die Plattform f\u00fcrs Entlassmanagement und f\u00fcr Ihr Patientenportal im Krankenhaus. Zeit sparen bei der Suche nach Nachversorgern.\",\"breadcrumb\":{\"@id\":\"https:\/\/nubedian.de\/produkte\/caseform-entlassmanagement\/#breadcrumb\"},\"inLanguage\":\"en-US\",\"potentialAction\":[{\"@type\":\"ReadAction\",\"target\":[\"https:\/\/nubedian.de\/produkte\/caseform-entlassmanagement\/\"]}]},{\"@type\":\"BreadcrumbList\",\"@id\":\"https:\/\/nubedian.de\/produkte\/caseform-entlassmanagement\/#breadcrumb\",\"itemListElement\":[{\"@type\":\"ListItem\",\"position\":1,\"name\":\"Home\",\"item\":\"https:\/\/nubedian.de\/\"},{\"@type\":\"ListItem\",\"position\":2,\"name\":\"Produkte\",\"item\":\"https:\/\/nubedian.de\/produkte\/\"},{\"@type\":\"ListItem\",\"position\":3,\"name\":\"Produkte &#8211; Caseform\"}]},{\"@type\":\"WebSite\",\"@id\":\"https:\/\/nubedian.de\/#website\",\"url\":\"https:\/\/nubedian.de\/\",\"name\":\"nubedian GmbH\",\"description\":\"Ihr Softwarepartner f\u00fcr das Sozial- &amp; Gesundheitswesen\",\"potentialAction\":[{\"@type\":\"SearchAction\",\"target\":{\"@type\":\"EntryPoint\",\"urlTemplate\":\"https:\/\/nubedian.de\/?s={search_term_string}\"},\"query-input\":{\"@type\":\"PropertyValueSpecification\",\"valueRequired\":true,\"valueName\":\"search_term_string\"}}],\"inLanguage\":\"en-US\"}]}<\/script>\n<!-- \/ Yoast SEO plugin. -->","yoast_head_json":{"title":"Entlassmanagement f\u00fcr Ihr Patientenportal im Krankenhaus","description":"Caseform ist die Plattform f\u00fcrs Entlassmanagement und f\u00fcr Ihr Patientenportal im Krankenhaus. Zeit sparen bei der Suche nach Nachversorgern.","robots":{"index":"index","follow":"follow","max-snippet":"max-snippet:-1","max-image-preview":"max-image-preview:large","max-video-preview":"max-video-preview:-1"},"canonical":"https:\/\/nubedian.de\/en\/produkte\/caseform-entlassmanagement\/","og_locale":"en_US","og_type":"article","og_title":"Entlassmanagement f\u00fcr Ihr Patientenportal im Krankenhaus","og_description":"Caseform ist die Plattform f\u00fcrs Entlassmanagement und f\u00fcr Ihr Patientenportal im Krankenhaus. Zeit sparen bei der Suche nach Nachversorgern.","og_url":"https:\/\/nubedian.de\/en\/produkte\/caseform-entlassmanagement\/","og_site_name":"nubedian GmbH","article_publisher":"https:\/\/www.facebook.com\/nubedian","article_modified_time":"2023-08-28T14:08:44+00:00","twitter_card":"summary_large_image","twitter_misc":{"Est. reading time":"9 minutes"},"schema":{"@context":"https:\/\/schema.org","@graph":[{"@type":"WebPage","@id":"https:\/\/nubedian.de\/produkte\/caseform-entlassmanagement\/","url":"https:\/\/nubedian.de\/produkte\/caseform-entlassmanagement\/","name":"Entlassmanagement f\u00fcr Ihr Patientenportal im Krankenhaus","isPartOf":{"@id":"https:\/\/nubedian.de\/#website"},"datePublished":"2019-03-06T08:32:56+00:00","dateModified":"2023-08-28T14:08:44+00:00","description":"Caseform ist die Plattform f\u00fcrs Entlassmanagement und f\u00fcr Ihr Patientenportal im Krankenhaus. Zeit sparen bei der Suche nach Nachversorgern.","breadcrumb":{"@id":"https:\/\/nubedian.de\/produkte\/caseform-entlassmanagement\/#breadcrumb"},"inLanguage":"en-US","potentialAction":[{"@type":"ReadAction","target":["https:\/\/nubedian.de\/produkte\/caseform-entlassmanagement\/"]}]},{"@type":"BreadcrumbList","@id":"https:\/\/nubedian.de\/produkte\/caseform-entlassmanagement\/#breadcrumb","itemListElement":[{"@type":"ListItem","position":1,"name":"Home","item":"https:\/\/nubedian.de\/"},{"@type":"ListItem","position":2,"name":"Produkte","item":"https:\/\/nubedian.de\/produkte\/"},{"@type":"ListItem","position":3,"name":"Produkte &#8211; Caseform"}]},{"@type":"WebSite","@id":"https:\/\/nubedian.de\/#website","url":"https:\/\/nubedian.de\/","name":"nubedian GmbH","description":"Ihr Softwarepartner f\u00fcr das Sozial- &amp; Gesundheitswesen","potentialAction":[{"@type":"SearchAction","target":{"@type":"EntryPoint","urlTemplate":"https:\/\/nubedian.de\/?s={search_term_string}"},"query-input":{"@type":"PropertyValueSpecification","valueRequired":true,"valueName":"search_term_string"}}],"inLanguage":"en-US"}]}},"_links":{"self":[{"href":"https:\/\/nubedian.de\/en\/wp-json\/wp\/v2\/pages\/2952","targetHints":{"allow":["GET"]}}],"collection":[{"href":"https:\/\/nubedian.de\/en\/wp-json\/wp\/v2\/pages"}],"about":[{"href":"https:\/\/nubedian.de\/en\/wp-json\/wp\/v2\/types\/page"}],"author":[{"embeddable":true,"href":"https:\/\/nubedian.de\/en\/wp-json\/wp\/v2\/users\/1"}],"replies":[{"embeddable":true,"href":"https:\/\/nubedian.de\/en\/wp-json\/wp\/v2\/comments?post=2952"}],"version-history":[{"count":41,"href":"https:\/\/nubedian.de\/en\/wp-json\/wp\/v2\/pages\/2952\/revisions"}],"predecessor-version":[{"id":31917,"href":"https:\/\/nubedian.de\/en\/wp-json\/wp\/v2\/pages\/2952\/revisions\/31917"}],"up":[{"embeddable":true,"href":"https:\/\/nubedian.de\/en\/wp-json\/wp\/v2\/pages\/1559"}],"wp:attachment":[{"href":"https:\/\/nubedian.de\/en\/wp-json\/wp\/v2\/media?parent=2952"}],"curies":[{"name":"wp","href":"https:\/\/api.w.org\/{rel}","templated":true}]}}