{"id":5704,"date":"2021-07-22T13:56:13","date_gmt":"2021-07-22T11:56:13","guid":{"rendered":"https:\/\/nubedian.de\/?page_id=5704"},"modified":"2022-06-21T13:42:48","modified_gmt":"2022-06-21T11:42:48","slug":"newsletter","status":"publish","type":"page","link":"https:\/\/nubedian.de\/en\/newsletter\/","title":{"rendered":"Bleiben Sie am Puls der Zeit mit unserem Newsletter"},"content":{"rendered":"<div class=\"fusion-fullwidth fullwidth-box fusion-builder-row-1 fusion-flex-container nonhundred-percent-fullwidth non-hundred-percent-height-scrolling\" style=\"--link_hover_color: #009cbd;--awb-border-radius-top-left:0px;--awb-border-radius-top-right:0px;--awb-border-radius-bottom-right:0px;--awb-border-radius-bottom-left:0px;--awb-background-color:#099cbd;--awb-flex-wrap:wrap;\" ><div class=\"fusion-builder-row fusion-row fusion-flex-align-items-flex-start fusion-flex-content-wrap\" style=\"max-width:1216.8px;margin-left: calc(-4% \/ 2 );margin-right: calc(-4% \/ 2 );\"><div class=\"fusion-layout-column fusion_builder_column fusion-builder-column-0 fusion_builder_column_1_2 1_2 fusion-flex-column\" style=\"--awb-bg-size:cover;--awb-width-large:50%;--awb-margin-top-large:-70px;--awb-spacing-right-large:3.84%;--awb-margin-bottom-large:0px;--awb-spacing-left-large:3.84%;--awb-width-medium:100%;--awb-order-medium:0;--awb-spacing-right-medium:1.92%;--awb-spacing-left-medium:1.92%;--awb-width-small:100%;--awb-order-small:0;--awb-spacing-right-small:1.92%;--awb-spacing-left-small:1.92%;\"><div class=\"fusion-column-wrapper fusion-column-has-shadow fusion-flex-justify-content-flex-start fusion-content-layout-column\"><!-- Begin Sendinblue Form -->\n<!-- START - We recommend to place the below code in head tag of your website html  -->\n<style>\n  @font-face {\n    font-display: block;\n    font-family: Roboto;\n    src: url(https:\/\/assets.sendinblue.com\/font\/Roboto\/Latin\/normal\/normal\/7529907e9eaf8ebb5220c5f9850e3811.woff2) format(\"woff2\"), url(https:\/\/assets.sendinblue.com\/font\/Roboto\/Latin\/normal\/normal\/25c678feafdc175a70922a116c9be3e7.woff) format(\"woff\")\n  }\n\n  @font-face {\n    font-display: fallback;\n    font-family: Roboto;\n    font-weight: 600;\n    src: url(https:\/\/assets.sendinblue.com\/font\/Roboto\/Latin\/medium\/normal\/6e9caeeafb1f3491be3e32744bc30440.woff2) format(\"woff2\"), url(https:\/\/assets.sendinblue.com\/font\/Roboto\/Latin\/medium\/normal\/71501f0d8d5aa95960f6475d5487d4c2.woff) format(\"woff\")\n  }\n\n  @font-face {\n    font-display: fallback;\n    font-family: Roboto;\n    font-weight: 700;\n    src: url(https:\/\/assets.sendinblue.com\/font\/Roboto\/Latin\/bold\/normal\/3ef7cf158f310cf752d5ad08cd0e7e60.woff2) format(\"woff2\"), url(https:\/\/assets.sendinblue.com\/font\/Roboto\/Latin\/bold\/normal\/ece3a1d82f18b60bcce0211725c476aa.woff) format(\"woff\")\n  }\n\n  #sib-container input:-ms-input-placeholder {\n    text-align: left;\n    font-family: \"Helvetica\", sans-serif;\n    color: #c0ccda;\n  }\n\n  #sib-container input::placeholder {\n    text-align: left;\n    font-family: \"Helvetica\", sans-serif;\n    color: #c0ccda;\n  }\n\n  #sib-container textarea::placeholder {\n    text-align: left;\n    font-family: \"Helvetica\", sans-serif;\n    color: #c0ccda;\n  }\n<\/style>\n<link rel=\"stylesheet\" href=\"https:\/\/sibforms.com\/forms\/end-form\/build\/sib-styles.css\">\n<!--  END - We recommend to place the above code in head tag of your website html -->\n\n<!-- START - We recommend to place the below code where you want the form in your website html  -->\n<div class=\"sib-form\" style=\"text-align: center;         background-color: #009cbd;                                 \">\n  <div id=\"sib-form-container\" class=\"sib-form-container\">\n    <div id=\"error-message\" class=\"sib-form-message-panel\" style=\"font-size:16px; text-align:left; font-family:\"helvetica\", sans-serif; color:#661d1d; background-color:#ffeded; border-radius:20px; border-color:#ff4949;max-width:540px;\">\n      <div class=\"sib-form-message-panel__text sib-form-message-panel__text--center\">\n        <svg viewbox=\"0 0 512 512\" class=\"sib-icon sib-notification__icon\">\n          <path d=\"M256 40c118.621 0 216 96.075 216 216 0 119.291-96.61 216-216 216-119.244 0-216-96.562-216-216 0-119.203 96.602-216 216-216m0-32C119.043 8 8 119.083 8 256c0 136.997 111.043 248 248 248s248-111.003 248-248C504 119.083 392.957 8 256 8zm-11.49 120h22.979c6.823 0 12.274 5.682 11.99 12.5l-7 168c-.268 6.428-5.556 11.5-11.99 11.5h-8.979c-6.433 0-11.722-5.073-11.99-11.5l-7-168c-.283-6.818 5.167-12.5 11.99-12.5zM256 340c-15.464 0-28 12.536-28 28s12.536 28 28 28 28-12.536 28-28-12.536-28-28-28z\" \/>\n        <\/svg>\n        <span class=\"sib-form-message-panel__inner-text\">\n                          W\u00e4hrend der Registrierung ist ein Fehler aufgetreten. Bitte versuchen Sie es erneut.\n                      <\/span>\n      <\/div>\n    <\/div>\n    <div><\/div>\n    <div id=\"success-message\" class=\"sib-form-message-panel\" style=\"font-size:16px; text-align:left; font-family:\"helvetica\", sans-serif; color:#085229; background-color:#e7faf0; border-radius:20px; border-color:#13ce66;max-width:540px;\">\n      <div class=\"sib-form-message-panel__text sib-form-message-panel__text--center\">\n        <svg viewbox=\"0 0 512 512\" class=\"sib-icon sib-notification__icon\">\n          <path d=\"M256 8C119.033 8 8 119.033 8 256s111.033 248 248 248 248-111.033 248-248S392.967 8 256 8zm0 464c-118.664 0-216-96.055-216-216 0-118.663 96.055-216 216-216 118.664 0 216 96.055 216 216 0 118.663-96.055 216-216 216zm141.63-274.961L217.15 376.071c-4.705 4.667-12.303 4.637-16.97-.068l-85.878-86.572c-4.667-4.705-4.637-12.303.068-16.97l8.52-8.451c4.705-4.667 12.303-4.637 16.97.068l68.976 69.533 163.441-162.13c4.705-4.667 12.303-4.637 16.97.068l8.451 8.52c4.668 4.705 4.637 12.303-.068 16.97z\" \/>\n        <\/svg>\n        <span class=\"sib-form-message-panel__inner-text\">\n                          Ihre Registrierung war erfolgreich.\n                      <\/span>\n      <\/div>\n    <\/div>\n    <div><\/div>\n    <div id=\"sib-container\" class=\"sib-container--large sib-container--vertical\" style=\"text-align:center; background-color:rgba(255,255,255,1); max-width:540px; border-radius:25px; border-width:2px; border-color:#009cbd; border-style:solid;\">\n      <form id=\"sib-form\" method=\"POST\" action=\"https:\/\/0db09ace.sibforms.com\/serve\/MUIEAE8WXCrKfuo9X5D-ossOgQ_uRo3naNItUXS5n8mXKfvPWZy8Oa2nUvnwaqmKrCzy4ZrOgZf2KezvRZ6HpSc6r6rgMKYHX5fCNlBZPg66iFFhQOqY0UAANzrv-S1UPfKHVoo4Vh-epfexAiQTPEBxzlFO8NTUD_8SOrdnMb-r5t-GlNNTzLQwOaCs45WQvjqe_kVjLoOazaEf\" data-type=\"subscription\">\n        <div style=\"padding: 5px 0;\">\n          <div class=\"sib-form-block sib-image-form-block\" style=\"text-align: center\">\n            <img decoding=\"async\" src=\"https:\/\/img.mailinblue.com\/3760473\/images\/rnb\/original\/60cc7e11defb287740585ece.png\" style=\"width: 200px;height: 52px;\" alt=\"\" title=\"\" \/>\n          <\/div>\n        <\/div>\n        <div style=\"padding: 5px 0;\">\n          <div class=\"sib-input sib-form-block\">\n            <div class=\"form__entry entry_block\">\n              <div class=\"form__label-row\">\n                <label class=\"entry__label\" style=\"font-size:16px; text-align:left; font-weight:700; font-family:\"helvetica\", sans-serif; color:#009cbd;\" for=\"VORNAME\">\n                  Vorname\n                <\/label>\n\n                <div class=\"entry__field\">\n                  <input class=\"input\" maxlength=\"200\" type=\"text\" id=\"VORNAME\" name=\"VORNAME\" autocomplete=\"off\" \/>\n                <\/div>\n              <\/div>\n\n              <label class=\"entry__error entry__error--primary\" style=\"font-size:16px; text-align:left; font-family:\"helvetica\", sans-serif; color:#661d1d; background-color:#ffeded; border-radius:20px; border-color:#ff4949;\">\n              <\/label>\n            <\/div>\n          <\/div>\n        <\/div>\n        <div style=\"padding: 5px 0;\">\n          <div class=\"sib-input sib-form-block\">\n            <div class=\"form__entry entry_block\">\n              <div class=\"form__label-row\">\n                <label class=\"entry__label\" style=\"font-size:16px; text-align:left; font-weight:700; font-family:\"helvetica\", sans-serif; color:#009cbd;\" for=\"NACHNAME\">\n                  Nachname\n                <\/label>\n\n                <div class=\"entry__field\">\n                  <input class=\"input\" maxlength=\"200\" type=\"text\" id=\"NACHNAME\" name=\"NACHNAME\" autocomplete=\"off\" \/>\n                <\/div>\n              <\/div>\n\n              <label class=\"entry__error entry__error--primary\" style=\"font-size:16px; text-align:left; font-family:\"helvetica\", sans-serif; color:#661d1d; background-color:#ffeded; border-radius:20px; border-color:#ff4949;\">\n              <\/label>\n            <\/div>\n          <\/div>\n        <\/div>\n        <div style=\"padding: 5px 0;\">\n          <div class=\"sib-select sib-form-block\">\n            <div class=\"form__entry entry_block\">\n              <div class=\"form__label-row\">\n                <label class=\"entry__label\" style=\"font-size:16px; text-align:left; font-weight:700; font-family:\"helvetica\", sans-serif; color:#009cbd;\" for=\"GENDER\">\n                  Geschlecht\n                <\/label>\n                <div class=\"entry__field\">\n                  <select class=\"input\" id=\"GENDER\" name=\"GENDER\">\n                    <option value=\"\" disabled selected hidden><\/option>\n\n                    <option class=\"sib-menu__item\" value=\"1\">\n                      M\u00e4nnlich\n                    <\/option>\n                    <option class=\"sib-menu__item\" value=\"2\">\n                      Weiblich\n                    <\/option>\n                    <option class=\"sib-menu__item\" value=\"3\">\n                      Divers\n                    <\/option>\n                  <\/select>\n                <\/div>\n              <\/div>\n              <label class=\"entry__error entry__error--primary\" style=\"font-size:16px; text-align:left; font-family:\"helvetica\", sans-serif; color:#661d1d; background-color:#ffeded; border-radius:20px; border-color:#ff4949;\">\n              <\/label>\n            <\/div>\n          <\/div>\n        <\/div>\n        <div style=\"padding: 5px 0;\">\n          <div class=\"sib-input sib-form-block\">\n            <div class=\"form__entry entry_block\">\n              <div class=\"form__label-row\">\n                <label class=\"entry__label\" style=\"font-size:16px; text-align:left; font-weight:700; font-family:\"helvetica\", sans-serif; color:#009cbd;\" for=\"EMAIL\" data-required=\"*\">\n                  Email\n                <\/label>\n\n                <div class=\"entry__field\">\n                  <input class=\"input\" type=\"text\" id=\"EMAIL\" name=\"EMAIL\" autocomplete=\"off\" data-required=\"true\" required \/>\n                <\/div>\n              <\/div>\n\n              <label class=\"entry__error entry__error--primary\" style=\"font-size:16px; text-align:left; font-family:\"helvetica\", sans-serif; color:#661d1d; background-color:#ffeded; border-radius:20px; border-color:#ff4949;\">\n              <\/label>\n            <\/div>\n          <\/div>\n        <\/div>\n        <div style=\"padding: 5px 0;\">\n          <div class=\"sib-checkbox-group sib-form-block\">\n            <div class=\"form__entry entry_mcq\">\n              <div class=\"form__label-row\">\n                <label class=\"entry__label\" style=\"font-size:16px; text-align:left; font-weight:700; font-family:\"helvetica\", sans-serif; color:#009cbd;\">\n                  W\u00e4hlen Sie den gew\u00fcnschten Newsletter aus:\n                <\/label>\n                <div>\n                  <div class=\"entry__choice\">\n                    <label class=\"checkbox__label\">\n                      <input type=\"checkbox\" class=\"input_replaced\" name=\"lists_39[]\" data-value=\"CareSD\/Caseform\" value=\"15\" \/>\n                      <span class=\"checkbox checkbox_tick_positive\"><\/span><span style=\"font-size:16px; text-align:left; font-family:\"helvetica\", sans-serif; color:#3c4858; background-color:transparent;\">CareSD\/Caseform<\/span> <\/label>\n                  <\/div>\n                  <div class=\"entry__choice\">\n                    <label class=\"checkbox__label\">\n                      <input type=\"checkbox\" class=\"input_replaced\" name=\"lists_39[]\" data-value=\"CareCM\" value=\"14\" \/>\n                      <span class=\"checkbox checkbox_tick_positive\"><\/span><span style=\"font-size:16px; text-align:left; font-family:\"helvetica\", sans-serif; color:#3c4858; background-color:transparent;\">CareCM<\/span> <\/label>\n                  <\/div>\n                <\/div>\n              <\/div>\n              <label class=\"entry__error entry__error--primary\" style=\"font-size:16px; text-align:left; font-family:\"helvetica\", sans-serif; color:#661d1d; background-color:#ffeded; border-radius:20px; border-color:#ff4949;\">\n              <\/label>\n            <\/div>\n          <\/div>\n        <\/div>\n        <div style=\"padding: 5px 0;\">\n          <div class=\"sib-optin sib-form-block\" data-required=\"true\">\n            <div class=\"form__entry entry_mcq\">\n              <div class=\"form__label-row\">\n                <div class=\"entry__choice\">\n                  <label>\n                    <input type=\"checkbox\" class=\"input_replaced\" value=\"1\" id=\"OPT_IN\" name=\"OPT_IN\" required \/>\n                    <span class=\"checkbox checkbox_tick_positive\"><\/span><span style=\"font-size:12px; text-align:left; font-family:\"helvetica\", sans-serif; color:#3c4858; background-color:transparent;\"><p>Ich habe die <a href=\"https:\/\/nubedian.de\/en\/datenschutz\/\">Datenschutzbestimmungen<\/a><br>\ngelesen und erkenne diese ausdr\u00fccklich an.<\/p><span data-required=\"*\" style=\"display: inline;\" class=\"entry__label entry__label_optin\"><\/span><\/span> <\/label>\n                <\/div>\n              <\/div>\n              <label class=\"entry__error entry__error--primary\" style=\"font-size:16px; text-align:left; font-family:\"helvetica\", sans-serif; color:#661d1d; background-color:#ffeded; border-radius:20px; border-color:#ff4949;\">\n              <\/label>\n            <\/div>\n          <\/div>\n        <\/div>\n        <div style=\"padding: 5px 0;\">\n          <div class=\"sib-form-block\" style=\"font-size:16px; text-align:left; font-family:\"helvetica\", sans-serif; color:#35494d; background-color:transparent;\">\n            <div class=\"sib-text-form-block\">\n              <p>*Pflichtfelder<\/p>\n            <\/div>\n          <\/div>\n        <\/div>\n        <div style=\"padding: 5px 0;\">\n          <div class=\"sib-form-block\" style=\"text-align: left\">\n            <button class=\"sib-form-block__button sib-form-block__button-with-loader\" style=\"font-size:16px; text-align:left; font-weight:700; font-family:Helvetica, sans-serif; color:#FFFFFF; background-color:#009cbd; border-radius:20px; border-width:0px;\" form=\"sib-form\" type=\"submit\">\n              <svg class=\"icon clickable__icon progress-indicator__icon sib-hide-loader-icon\" viewbox=\"0 0 512 512\">\n                <path d=\"M460.116 373.846l-20.823-12.022c-5.541-3.199-7.54-10.159-4.663-15.874 30.137-59.886 28.343-131.652-5.386-189.946-33.641-58.394-94.896-95.833-161.827-99.676C261.028 55.961 256 50.751 256 44.352V20.309c0-6.904 5.808-12.337 12.703-11.982 83.556 4.306 160.163 50.864 202.11 123.677 42.063 72.696 44.079 162.316 6.031 236.832-3.14 6.148-10.75 8.461-16.728 5.01z\" \/>\n              <\/svg>\n              Sign up\n            <\/button>\n          <\/div>\n        <\/div>\n        <div style=\"padding: 5px 0;\">\n          <div class=\"sib-form-block\" style=\"font-size:11px; text-align:left; font-family:\"helvetica\", sans-serif; color:#35494d; background-color:transparent;\">\n            <div class=\"sib-text-form-block\">\n              <p>Ihre personenbezogenen Daten werden ausschlie\u00dflich f\u00fcr den Newsletterversand elektronisch verarbeitet. Sie k\u00f6nnen Ihre Einwilligung in den Erhalt des Newsletters jederzeit mit Wirkung f\u00fcr die Zukunft widerrufen. Den Link zur Abmeldeseite finden Sie am Ende eines jeden Newsletters.<\/p>\n            <\/div>\n          <\/div>\n        <\/div>\n\n        <input type=\"text\" name=\"email_address_check\" value=\"\" class=\"input--hidden\">\n        <input type=\"hidden\" name=\"locale\" value=\"en\">\n      <\/form>\n    <\/div>\n  <\/div>\n<\/div>\n<!-- END - We recommend to place the below code where you want the form in your website html  -->\n\n<!-- START - We recommend to place the below code in footer or bottom of your website html  -->\n<script>\n  window.REQUIRED_CODE_ERROR_MESSAGE = 'Please choose a country code';\n  window.LOCALE = 'en';\n  window.EMAIL_INVALID_MESSAGE = window.SMS_INVALID_MESSAGE = \"Die Eingabe ist ung\u00fcltig. Bitte probieren Sie es erneut.\";\n\n  window.REQUIRED_ERROR_MESSAGE = \"Dieses Feld darf nicht leer bleiben. \";\n\n  window.GENERIC_INVALID_MESSAGE = \"Die Eingabe ist ung\u00fcltig. Bitte probieren Sie es erneut.\";\n\n\n\n  window.REQUIRED_MULTISELECT_MESSAGE = 'Please select at least 1 option';\n\n  window.translation = {\n    common: {\n      selectedList: '{quantity} list selected',\n      selectedLists: '{quantity} lists selected'\n    }\n  };\n\n  var AUTOHIDE = Boolean(0);\n<\/script>\n<script src=\"https:\/\/sibforms.com\/forms\/end-form\/build\/main.js\"><\/script>\n\n\n<!-- END - We recommend to place the above code in footer or bottom of your website html  -->\n<!-- End Sendinblue Form --><\/div><\/div><div class=\"fusion-layout-column fusion_builder_column fusion-builder-column-1 fusion_builder_column_1_2 1_2 fusion-flex-column\" style=\"--awb-bg-color:#099cbd;--awb-bg-color-hover:#099cbd;--awb-bg-size:cover;--awb-width-large:50%;--awb-margin-top-large:-45px;--awb-spacing-right-large:3.84%;--awb-margin-bottom-large:0px;--awb-spacing-left-large:3.84%;--awb-width-medium:100%;--awb-order-medium:0;--awb-spacing-right-medium:1.92%;--awb-spacing-left-medium:1.92%;--awb-width-small:100%;--awb-order-small:0;--awb-spacing-right-small:1.92%;--awb-spacing-left-small:1.92%;\"><div class=\"fusion-column-wrapper fusion-column-has-shadow fusion-flex-justify-content-flex-start fusion-content-layout-column\"><div class=\"fusion-text fusion-text-1\"><p style=\"font-family: Helvetica; font-size: 40px; line-height: 45px; color: #ffffff;\"><strong>Bleiben Sie am Puls der Zeit mit unserem Newsletter<\/strong><\/p>\n<\/div><div class=\"fusion-text fusion-text-2\"><p style=\"font-family: Helvetica; font-size: 26px; line-height: 36px; color: #ffffff;\">Erfahren Sie als Erstes von neuen Produkten, aktuellen Aktionen und Informationen rund um das digitale Gesundheits- und Sozialwesen.<\/p>\n<\/div><\/div><\/div><\/div><\/div>","protected":false},"excerpt":{"rendered":"","protected":false},"author":1,"featured_media":0,"parent":0,"menu_order":0,"comment_status":"closed","ping_status":"closed","template":"","meta":{"footnotes":""},"class_list":["post-5704","page","type-page","status-publish","hentry"],"yoast_head":"<!-- This site is optimized with the Yoast SEO plugin v27.4 - https:\/\/yoast.com\/product\/yoast-seo-wordpress\/ -->\n<title>Bleiben Sie am Puls der Zeit mit unserem Newsletter - nubedian GmbH<\/title>\n<meta name=\"robots\" content=\"index, follow, max-snippet:-1, max-image-preview:large, max-video-preview:-1\" \/>\n<link rel=\"canonical\" href=\"https:\/\/nubedian.de\/en\/newsletter\/\" \/>\n<meta property=\"og:locale\" content=\"en_US\" \/>\n<meta property=\"og:type\" content=\"article\" \/>\n<meta property=\"og:title\" content=\"Bleiben Sie am Puls der Zeit mit unserem Newsletter - nubedian GmbH\" \/>\n<meta property=\"og:url\" content=\"https:\/\/nubedian.de\/en\/newsletter\/\" \/>\n<meta property=\"og:site_name\" content=\"nubedian GmbH\" \/>\n<meta property=\"article:publisher\" content=\"https:\/\/www.facebook.com\/nubedian\" \/>\n<meta property=\"article:modified_time\" content=\"2022-06-21T11:42:48+00:00\" \/>\n<meta name=\"twitter:card\" content=\"summary_large_image\" \/>\n<meta name=\"twitter:label1\" content=\"Est. reading time\" \/>\n\t<meta name=\"twitter:data1\" content=\"16 minutes\" \/>\n<script type=\"application\/ld+json\" class=\"yoast-schema-graph\">{\"@context\":\"https:\\\/\\\/schema.org\",\"@graph\":[{\"@type\":\"WebPage\",\"@id\":\"https:\\\/\\\/nubedian.de\\\/en\\\/newsletter\\\/\",\"url\":\"https:\\\/\\\/nubedian.de\\\/en\\\/newsletter\\\/\",\"name\":\"Bleiben Sie am Puls der Zeit mit unserem Newsletter - nubedian GmbH\",\"isPartOf\":{\"@id\":\"https:\\\/\\\/nubedian.de:2083\\\/en\\\/#website\"},\"datePublished\":\"2021-07-22T11:56:13+00:00\",\"dateModified\":\"2022-06-21T11:42:48+00:00\",\"breadcrumb\":{\"@id\":\"https:\\\/\\\/nubedian.de\\\/en\\\/newsletter\\\/#breadcrumb\"},\"inLanguage\":\"en-US\",\"potentialAction\":[{\"@type\":\"ReadAction\",\"target\":[\"https:\\\/\\\/nubedian.de\\\/en\\\/newsletter\\\/\"]}]},{\"@type\":\"BreadcrumbList\",\"@id\":\"https:\\\/\\\/nubedian.de\\\/en\\\/newsletter\\\/#breadcrumb\",\"itemListElement\":[{\"@type\":\"ListItem\",\"position\":1,\"name\":\"Home\",\"item\":\"https:\\\/\\\/nubedian.de\\\/\"},{\"@type\":\"ListItem\",\"position\":2,\"name\":\"Bleiben Sie am Puls der Zeit mit unserem Newsletter\"}]},{\"@type\":\"WebSite\",\"@id\":\"https:\\\/\\\/nubedian.de:2083\\\/en\\\/#website\",\"url\":\"https:\\\/\\\/nubedian.de:2083\\\/en\\\/\",\"name\":\"nubedian GmbH\",\"description\":\"Ihr Softwarepartner f\u00fcr das Sozial- &amp; Gesundheitswesen\",\"potentialAction\":[{\"@type\":\"SearchAction\",\"target\":{\"@type\":\"EntryPoint\",\"urlTemplate\":\"https:\\\/\\\/nubedian.de:2083\\\/en\\\/?s={search_term_string}\"},\"query-input\":{\"@type\":\"PropertyValueSpecification\",\"valueRequired\":true,\"valueName\":\"search_term_string\"}}],\"inLanguage\":\"en-US\"}]}<\/script>\n<!-- \/ Yoast SEO plugin. -->","yoast_head_json":{"title":"Bleiben Sie am Puls der Zeit mit unserem Newsletter - nubedian GmbH","robots":{"index":"index","follow":"follow","max-snippet":"max-snippet:-1","max-image-preview":"max-image-preview:large","max-video-preview":"max-video-preview:-1"},"canonical":"https:\/\/nubedian.de\/en\/newsletter\/","og_locale":"en_US","og_type":"article","og_title":"Bleiben Sie am Puls der Zeit mit unserem Newsletter - nubedian GmbH","og_url":"https:\/\/nubedian.de\/en\/newsletter\/","og_site_name":"nubedian GmbH","article_publisher":"https:\/\/www.facebook.com\/nubedian","article_modified_time":"2022-06-21T11:42:48+00:00","twitter_card":"summary_large_image","twitter_misc":{"Est. reading time":"16 minutes"},"schema":{"@context":"https:\/\/schema.org","@graph":[{"@type":"WebPage","@id":"https:\/\/nubedian.de\/en\/newsletter\/","url":"https:\/\/nubedian.de\/en\/newsletter\/","name":"Bleiben Sie am Puls der Zeit mit unserem Newsletter - nubedian GmbH","isPartOf":{"@id":"https:\/\/nubedian.de:2083\/en\/#website"},"datePublished":"2021-07-22T11:56:13+00:00","dateModified":"2022-06-21T11:42:48+00:00","breadcrumb":{"@id":"https:\/\/nubedian.de\/en\/newsletter\/#breadcrumb"},"inLanguage":"en-US","potentialAction":[{"@type":"ReadAction","target":["https:\/\/nubedian.de\/en\/newsletter\/"]}]},{"@type":"BreadcrumbList","@id":"https:\/\/nubedian.de\/en\/newsletter\/#breadcrumb","itemListElement":[{"@type":"ListItem","position":1,"name":"Home","item":"https:\/\/nubedian.de\/"},{"@type":"ListItem","position":2,"name":"Bleiben Sie am Puls der Zeit mit unserem Newsletter"}]},{"@type":"WebSite","@id":"https:\/\/nubedian.de:2083\/en\/#website","url":"https:\/\/nubedian.de:2083\/en\/","name":"nubedian GmbH","description":"Ihr Softwarepartner f\u00fcr das Sozial- &amp; Gesundheitswesen","potentialAction":[{"@type":"SearchAction","target":{"@type":"EntryPoint","urlTemplate":"https:\/\/nubedian.de:2083\/en\/?s={search_term_string}"},"query-input":{"@type":"PropertyValueSpecification","valueRequired":true,"valueName":"search_term_string"}}],"inLanguage":"en-US"}]}},"_links":{"self":[{"href":"https:\/\/nubedian.de\/en\/wp-json\/wp\/v2\/pages\/5704","targetHints":{"allow":["GET"]}}],"collection":[{"href":"https:\/\/nubedian.de\/en\/wp-json\/wp\/v2\/pages"}],"about":[{"href":"https:\/\/nubedian.de\/en\/wp-json\/wp\/v2\/types\/page"}],"author":[{"embeddable":true,"href":"https:\/\/nubedian.de\/en\/wp-json\/wp\/v2\/users\/1"}],"replies":[{"embeddable":true,"href":"https:\/\/nubedian.de\/en\/wp-json\/wp\/v2\/comments?post=5704"}],"version-history":[{"count":32,"href":"https:\/\/nubedian.de\/en\/wp-json\/wp\/v2\/pages\/5704\/revisions"}],"predecessor-version":[{"id":66767,"href":"https:\/\/nubedian.de\/en\/wp-json\/wp\/v2\/pages\/5704\/revisions\/66767"}],"wp:attachment":[{"href":"https:\/\/nubedian.de\/en\/wp-json\/wp\/v2\/media?parent=5704"}],"curies":[{"name":"wp","href":"https:\/\/api.w.org\/{rel}","templated":true}]}}